{"id":803,"date":"2025-10-10T12:39:20","date_gmt":"2025-10-10T11:39:20","guid":{"rendered":"https:\/\/dr-ima.com\/procedure\/nad-1000-mg\/"},"modified":"2025-10-10T12:46:42","modified_gmt":"2025-10-10T11:46:42","slug":"nad-1000-mg","status":"publish","type":"product","link":"https:\/\/dr-ima.com\/es\/procedure\/nad-1000-mg\/","title":{"rendered":"NAD+ 1000 mg"},"content":{"rendered":"<p>Suministro para 4-8 semanas<br \/>\n\u200d<br \/>\n<strong>El NAD+ (nicotinamida adenina dinucle\u00f3tido)<\/strong> a menudo se denomina la <em>mol\u00e9cula maestra del cerebro y el cuerpo<\/em>. Alimenta sus c\u00e9lulas con energ\u00eda, repara el ADN y mantiene su cerebro \u00e1gil a medida que envejece. <\/p>\n<p><strong>&#8211; <\/strong>El aumento de los niveles de NAD+ se ha relacionado con:<br \/>\n\u200d<br \/>\n<strong>&#8211; Mayor memoria y concentraci\u00f3n<\/strong>: mant\u00e9ngase l\u00facido y alerta<\/p>\n<p><strong>&#8211; Mejor energ\u00eda cerebral<\/strong>: combata la niebla mental y la fatiga mental<\/p>\n<p><strong>&#8211; <\/strong><strong>Recuperaci\u00f3n m\u00e1s fuerte<\/strong>: recup\u00e9rese m\u00e1s r\u00e1pido del estr\u00e9s y el cansancio<\/p>\n<p><strong>&#8211; <\/strong><strong>Metabolismo saludable<\/strong>: favorezca la quema de grasas y la energ\u00eda equilibrada<\/p>\n<p><strong>&#8211; <\/strong><strong>Reparaci\u00f3n celular y antienvejecimiento<\/strong>: proteja su cerebro y su cuerpo a largo plazo<br \/>\n\u200d<br \/>\nNuestros bol\u00edgrafos NAD+ ofrecen NAD+ puro de alta concentraci\u00f3n en dosis f\u00e1ciles y precisas. Cada kit contiene <strong>dos bol\u00edgrafos de 500 mg (1000 mg en total)<\/strong>. <\/p>\n<p>Puede elegir dosis de <strong>25 mg, 50 mg, 75 mg o 100 mg<\/strong>, y cada bol\u00edgrafo proporciona <strong>cinco inyecciones completas de 100 mg<\/strong>.<\/p>\n<p>\u200d<strong>La mayor\u00eda de las personas siguen ciclos como 25 mg diarios (5 d\u00edas a la semana) o 50 mg cada dos d\u00edas, con un ritmo de 20 d\u00edas de actividad y 10 d\u00edas de descanso para mantener los niveles de NAD+ fuertes y equilibrados.<\/strong><\/p>\n<p>Este es uno de los compuestos m\u00e1s interesantes en la investigaci\u00f3n de la salud moderna y ahora est\u00e1 disponible en un bol\u00edgrafo Alluvi f\u00e1cil de usar para la capacidad intelectual, la concentraci\u00f3n, la recuperaci\u00f3n y la vitalidad a largo plazo.<\/p>\n<p>\u200d<strong>Almacenamiento:<br \/>\n&#8211; Almacenar refrigerado (2\u20138 \u00b0C). No congelar.<br \/>\n&#8211; Se suministra en formato sellado de volumen fijo para an\u00e1lisis de laboratorio.<\/strong><strong>\u200d<\/strong><br \/>\n\u200d<br \/>\n<strong>Entrega:<\/strong> Se env\u00eda con un paquete fr\u00edo<br \/>\n\u200d<strong>Entrega en 2 D\u00cdAS con seguimiento en el Reino Unido<\/strong>.<\/p>\n<p>NAD+ no es un medicamento que requiera receta, est\u00e1 disponible para el bienestar, el antienvejecimiento y el apoyo al rendimiento.<\/p>\n","protected":false},"excerpt":{"rendered":"<p>Suministro para 4-8 semanas<br \/>\n\u200d<br \/>\n<strong>El NAD+ (nicotinamida adenina dinucle\u00f3tido)<\/strong> a menudo se denomina la <em>mol\u00e9cula maestra del cerebro y el cuerpo<\/em>. Alimenta sus c\u00e9lulas con energ\u00eda, repara el ADN y mantiene su cerebro \u00e1gil a medida que envejece. <\/p>\n<p><strong>&#8211; <\/strong>El aumento de los niveles de NAD+ se ha relacionado con:<br \/>\n\u200d<br \/>\n<strong>&#8211; Mayor memoria y concentraci\u00f3n<\/strong>: mant\u00e9ngase l\u00facido y alerta<\/p>\n<p><strong>&#8211; Mejor energ\u00eda cerebral<\/strong>: combata la niebla mental y la fatiga mental<\/p>\n<p><strong>&#8211; <\/strong><strong>Recuperaci\u00f3n m\u00e1s fuerte<\/strong>: recup\u00e9rese m\u00e1s r\u00e1pido del estr\u00e9s y el cansancio<\/p>\n<p><strong>&#8211; <\/strong><strong>Metabolismo saludable<\/strong>: favorezca la quema de grasas y la energ\u00eda equilibrada<\/p>\n<p><strong>&#8211; <\/strong><strong>Reparaci\u00f3n celular y antienvejecimiento<\/strong>: proteja su cerebro y su cuerpo a largo plazo<br \/>\n\u200d<br \/>\nNuestros bol\u00edgrafos NAD+ ofrecen NAD+ puro de alta concentraci\u00f3n en dosis f\u00e1ciles y precisas. Cada kit contiene <strong>dos bol\u00edgrafos de 500 mg (1000 mg en total)<\/strong>. <\/p>\n<p>Puede elegir dosis de <strong>25 mg, 50 mg, 75 mg o 100 mg<\/strong>, y cada bol\u00edgrafo proporciona <strong>cinco inyecciones completas de 100 mg<\/strong>.<\/p>\n<p>\u200d<strong>La mayor\u00eda de las personas siguen ciclos como 25 mg diarios (5 d\u00edas a la semana) o 50 mg cada dos d\u00edas, con un ritmo de 20 d\u00edas de actividad y 10 d\u00edas de descanso para mantener los niveles de NAD+ fuertes y equilibrados.<\/strong><\/p>\n<p>Este es uno de los compuestos m\u00e1s interesantes en la investigaci\u00f3n de la salud moderna y ahora est\u00e1 disponible en un bol\u00edgrafo Alluvi f\u00e1cil de usar para la capacidad intelectual, la concentraci\u00f3n, la recuperaci\u00f3n y la vitalidad a largo plazo.<\/p>\n<p>\u200d<strong>Almacenamiento:<br \/>\n&#8211; Almacenar refrigerado (2\u20138 \u00b0C). No congelar.<br \/>\n&#8211; Se suministra en formato sellado de volumen fijo para an\u00e1lisis de laboratorio.<\/strong><strong>\u200d<\/strong><br \/>\n\u200d<br \/>\n<strong>Entrega:<\/strong> Se env\u00eda con un paquete fr\u00edo<br \/>\n\u200d<strong>Entrega en 2 D\u00cdAS con seguimiento en el Reino Unido<\/strong>.<\/p>\n<p>NAD+ no es un medicamento que requiera receta, est\u00e1 disponible para el bienestar, el antienvejecimiento y el apoyo al rendimiento.<\/p>\n","protected":false},"featured_media":755,"template":"","meta":{"_joinchat":[]},"product_brand":[48],"product_cat":[47],"product_tag":[],"class_list":{"0":"post-803","1":"product","2":"type-product","3":"status-publish","4":"has-post-thumbnail","6":"product_brand-dr-ima","7":"product_cat-tienda","9":"first","10":"instock","11":"shipping-taxable","12":"purchasable","13":"product-type-simple"},"_links":{"self":[{"href":"https:\/\/dr-ima.com\/es\/wp-json\/wp\/v2\/product\/803","targetHints":{"allow":["GET"]}}],"collection":[{"href":"https:\/\/dr-ima.com\/es\/wp-json\/wp\/v2\/product"}],"about":[{"href":"https:\/\/dr-ima.com\/es\/wp-json\/wp\/v2\/types\/product"}],"wp:featuredmedia":[{"embeddable":true,"href":"https:\/\/dr-ima.com\/es\/wp-json\/wp\/v2\/media\/755"}],"wp:attachment":[{"href":"https:\/\/dr-ima.com\/es\/wp-json\/wp\/v2\/media?parent=803"}],"wp:term":[{"taxonomy":"product_brand","embeddable":true,"href":"https:\/\/dr-ima.com\/es\/wp-json\/wp\/v2\/product_brand?post=803"},{"taxonomy":"product_cat","embeddable":true,"href":"https:\/\/dr-ima.com\/es\/wp-json\/wp\/v2\/product_cat?post=803"},{"taxonomy":"product_tag","embeddable":true,"href":"https:\/\/dr-ima.com\/es\/wp-json\/wp\/v2\/product_tag?post=803"}],"curies":[{"name":"wp","href":"https:\/\/api.w.org\/{rel}","templated":true}]}}