{"id":802,"date":"2025-10-10T12:39:20","date_gmt":"2025-10-10T11:39:20","guid":{"rendered":"https:\/\/dr-ima.com\/procedure\/agujas-para-pluma-de-32g-x-5-mm-20-unidades-3\/"},"modified":"2025-10-10T12:46:44","modified_gmt":"2025-10-10T11:46:44","slug":"agujas-para-pluma-de-32g-x-5-mm-20-unidades-3","status":"publish","type":"product","link":"https:\/\/dr-ima.com\/es\/procedure\/agujas-para-pluma-de-32g-x-5-mm-20-unidades-3\/","title":{"rendered":"Agujas para pluma de 32G x 5 mm (20 unidades)"},"content":{"rendered":"<p>Las agujas para pluma son productos est\u00e9riles dise\u00f1ados para un solo uso.<\/p>\n<p>Reutilizar una aguja podr\u00eda da\u00f1ar la punta y el revestimiento protector, lo que har\u00eda que las inyecciones fueran m\u00e1s dolorosas y m\u00e1s propensas a causar sangrado o hematomas. La reutilizaci\u00f3n de agujas tambi\u00e9n puede provocar obstrucciones, lo que dificulta la administraci\u00f3n de su medicamento durante la siguiente inyecci\u00f3n. Tambi\u00e9n puede aumentar el riesgo de rotura y da\u00f1o a su piel.  <\/p>\n","protected":false},"excerpt":{"rendered":"<p>Las agujas para pluma son productos est\u00e9riles dise\u00f1ados para un solo uso.<\/p>\n<p>Reutilizar una aguja podr\u00eda da\u00f1ar la punta y el revestimiento protector, lo que har\u00eda que las inyecciones fueran m\u00e1s dolorosas y m\u00e1s propensas a causar sangrado o hematomas. La reutilizaci\u00f3n de agujas tambi\u00e9n puede provocar obstrucciones, lo que dificulta la administraci\u00f3n de su medicamento durante la siguiente inyecci\u00f3n. Tambi\u00e9n puede aumentar el riesgo de rotura y da\u00f1o a su piel.  <\/p>\n","protected":false},"featured_media":755,"template":"","meta":{"_joinchat":[]},"product_brand":[48],"product_cat":[47],"product_tag":[],"class_list":{"0":"post-802","1":"product","2":"type-product","3":"status-publish","4":"has-post-thumbnail","6":"product_brand-dr-ima","7":"product_cat-tienda","9":"first","10":"instock","11":"shipping-taxable","12":"purchasable","13":"product-type-simple"},"_links":{"self":[{"href":"https:\/\/dr-ima.com\/es\/wp-json\/wp\/v2\/product\/802","targetHints":{"allow":["GET"]}}],"collection":[{"href":"https:\/\/dr-ima.com\/es\/wp-json\/wp\/v2\/product"}],"about":[{"href":"https:\/\/dr-ima.com\/es\/wp-json\/wp\/v2\/types\/product"}],"wp:featuredmedia":[{"embeddable":true,"href":"https:\/\/dr-ima.com\/es\/wp-json\/wp\/v2\/media\/755"}],"wp:attachment":[{"href":"https:\/\/dr-ima.com\/es\/wp-json\/wp\/v2\/media?parent=802"}],"wp:term":[{"taxonomy":"product_brand","embeddable":true,"href":"https:\/\/dr-ima.com\/es\/wp-json\/wp\/v2\/product_brand?post=802"},{"taxonomy":"product_cat","embeddable":true,"href":"https:\/\/dr-ima.com\/es\/wp-json\/wp\/v2\/product_cat?post=802"},{"taxonomy":"product_tag","embeddable":true,"href":"https:\/\/dr-ima.com\/es\/wp-json\/wp\/v2\/product_tag?post=802"}],"curies":[{"name":"wp","href":"https:\/\/api.w.org\/{rel}","templated":true}]}}