{"id":800,"date":"2025-10-10T12:39:20","date_gmt":"2025-10-10T11:39:20","guid":{"rendered":"https:\/\/dr-ima.com\/procedure\/retatrutida-40-mg-solo-para-id\/"},"modified":"2025-10-10T12:46:45","modified_gmt":"2025-10-10T11:46:45","slug":"retatrutida-40-mg-solo-para-id","status":"publish","type":"product","link":"https:\/\/dr-ima.com\/es\/procedure\/retatrutida-40-mg-solo-para-id\/","title":{"rendered":"Retatrutida 40 mg (solo para I+D)"},"content":{"rendered":"<p><strong>Suministro para 8 semanas<br \/>\n\u200d<br \/>\nFormulaci\u00f3n de Retatrutida de 40 mg suministrada en un dispositivo de investigaci\u00f3n precargado, proporcionado exclusivamente para aplicaciones controladas de I+D en laboratorio. Se entrega en formato sellado para apoyar el an\u00e1lisis de la estabilidad del compuesto, los estudios de formulaci\u00f3n y la evaluaci\u00f3n del mecanismo de administraci\u00f3n.<x id=\"gid_2\"><\/x>\u200d<x id=\"gid_3\"><\/x>Producido solo para investigaci\u00f3n de laboratorio. No apto para consumo humano ni veterinario.  <\/strong><\/p>\n<p>Cada kit de investigaci\u00f3n de Retatrutida de 40 mg incluye:<br \/>\nPluma de investigaci\u00f3n precargada (40 mg de Retatrutida)<br \/>\nHoja de informaci\u00f3n de investigaci\u00f3n<br \/>\n\u200d<br \/>\nAlmacenamiento:<br \/>\nConservar refrigerado (2\u20138 \u00b0C). No congelar.<br \/>\nSe suministra en formato sellado de volumen fijo para an\u00e1lisis de laboratorio. <\/p>\n<p>Entrega: Se env\u00eda con un paquete fr\u00edo.<br \/>\nEntrega con seguimiento en 2 D\u00cdAS en el Reino Unido.<\/p>\n<p>Solo para fines de investigaci\u00f3n y desarrollo<\/p>\n","protected":false},"excerpt":{"rendered":"<p><strong>Suministro para 8 semanas<br \/>\n\u200d<br \/>\nFormulaci\u00f3n de Retatrutida de 40 mg suministrada en un dispositivo de investigaci\u00f3n precargado, proporcionado exclusivamente para aplicaciones controladas de I+D en laboratorio. Se entrega en formato sellado para apoyar el an\u00e1lisis de la estabilidad del compuesto, los estudios de formulaci\u00f3n y la evaluaci\u00f3n del mecanismo de administraci\u00f3n.<br \/>\n\u200d<br \/>\nProducido solo para investigaci\u00f3n de laboratorio. No apto para consumo humano ni veterinario.  <\/strong><\/p>\n<p>Cada kit de investigaci\u00f3n de Retatrutida de 40 mg incluye:<br \/>\nPluma de investigaci\u00f3n precargada (40 mg de Retatrutida)<br \/>\nHoja de informaci\u00f3n de investigaci\u00f3n<br \/>\n\u200d<br \/>\nAlmacenamiento:<br \/>\nConservar refrigerado (2\u20138 \u00b0C). No congelar.<br \/>\nSe suministra en formato sellado de volumen fijo para an\u00e1lisis de laboratorio. <\/p>\n<p>Entrega: Se env\u00eda con un paquete fr\u00edo.<br \/>\nEntrega con seguimiento en 2 D\u00cdAS en el Reino Unido.<\/p>\n<p>Solo para fines de investigaci\u00f3n y desarrollo<\/p>\n","protected":false},"featured_media":755,"template":"","meta":{"_joinchat":[]},"product_brand":[48],"product_cat":[47],"product_tag":[],"class_list":{"0":"post-800","1":"product","2":"type-product","3":"status-publish","4":"has-post-thumbnail","6":"product_brand-dr-ima","7":"product_cat-tienda","9":"first","10":"instock","11":"shipping-taxable","12":"purchasable","13":"product-type-simple"},"_links":{"self":[{"href":"https:\/\/dr-ima.com\/es\/wp-json\/wp\/v2\/product\/800","targetHints":{"allow":["GET"]}}],"collection":[{"href":"https:\/\/dr-ima.com\/es\/wp-json\/wp\/v2\/product"}],"about":[{"href":"https:\/\/dr-ima.com\/es\/wp-json\/wp\/v2\/types\/product"}],"wp:featuredmedia":[{"embeddable":true,"href":"https:\/\/dr-ima.com\/es\/wp-json\/wp\/v2\/media\/755"}],"wp:attachment":[{"href":"https:\/\/dr-ima.com\/es\/wp-json\/wp\/v2\/media?parent=800"}],"wp:term":[{"taxonomy":"product_brand","embeddable":true,"href":"https:\/\/dr-ima.com\/es\/wp-json\/wp\/v2\/product_brand?post=800"},{"taxonomy":"product_cat","embeddable":true,"href":"https:\/\/dr-ima.com\/es\/wp-json\/wp\/v2\/product_cat?post=800"},{"taxonomy":"product_tag","embeddable":true,"href":"https:\/\/dr-ima.com\/es\/wp-json\/wp\/v2\/product_tag?post=800"}],"curies":[{"name":"wp","href":"https:\/\/api.w.org\/{rel}","templated":true}]}}