{"id":798,"date":"2025-10-10T12:39:19","date_gmt":"2025-10-10T11:39:19","guid":{"rendered":"https:\/\/dr-ima.com\/procedure\/bpc-157-tb-500-40-mg-solo-para-id\/"},"modified":"2025-10-10T12:46:42","modified_gmt":"2025-10-10T11:46:42","slug":"bpc-157-tb-500-40-mg-solo-para-id","status":"publish","type":"product","link":"https:\/\/dr-ima.com\/es\/procedure\/bpc-157-tb-500-40-mg-solo-para-id\/","title":{"rendered":"BPC-157 &amp; TB-500 40 mg (solo para I+D)"},"content":{"rendered":"<p>Suministro para 8-16 semanas<\/p>\n<p>Una formulaci\u00f3n combinada de BPC-157 y TB-500 (20 mg cada uno), suministrada en un dispositivo de investigaci\u00f3n precargado de 40 mg.<\/p>\n<p>Producido exclusivamente para aplicaciones de I+D de laboratorio controladas. Se suministra en lotes sellados para apoyar el an\u00e1lisis de la estabilidad del compuesto, la evaluaci\u00f3n del mecanismo de administraci\u00f3n y los estudios de formulaci\u00f3n.<br \/>\nNo apto para el consumo humano ni veterinario. <\/p>\n<p>\u200d<strong>Cada kit de pluma BPC-157 &amp; TB-500 de 40 mg incluye:<br \/>\n\u200d<\/strong>Pluma de investigaci\u00f3n precargada (40 mg en total: 20 mg de BPC-157 + 20 mg de TB-500)<br \/>\nHoja de informaci\u00f3n de investigaci\u00f3n<\/p>\n<p>\u200d<strong>Almacenamiento:<br \/>\n&#8211; Almacenar refrigerado (2\u20138 \u00b0C). No congelar.<br \/>\n&#8211; Se suministra en formato sellado de volumen fijo para an\u00e1lisis de laboratorio.<\/strong><strong>\u200d<\/strong><br \/>\n\u200d<br \/>\n<strong>Entrega:<\/strong> Se env\u00eda con un paquete fr\u00edo<br \/>\n\u200d<strong>Entrega en 2 D\u00cdAS con seguimiento en el Reino Unido<\/strong>.<\/p>\n<p>Solo para fines de investigaci\u00f3n y desarrollo. No apto para el consumo humano ni veterinario. <\/p>\n","protected":false},"excerpt":{"rendered":"<p>Suministro para 8-16 semanas<\/p>\n<p>Una formulaci\u00f3n combinada de BPC-157 y TB-500 (20 mg cada uno), suministrada en un dispositivo de investigaci\u00f3n precargado de 40 mg.<\/p>\n<p>Producido exclusivamente para aplicaciones de I+D de laboratorio controladas. Se suministra en lotes sellados para apoyar el an\u00e1lisis de la estabilidad del compuesto, la evaluaci\u00f3n del mecanismo de administraci\u00f3n y los estudios de formulaci\u00f3n.<br \/>\nNo apto para el consumo humano ni veterinario. <\/p>\n<p>\u200d<strong>Cada kit de pluma BPC-157 &amp; TB-500 de 40 mg incluye:<br \/>\n\u200d<\/strong>Pluma de investigaci\u00f3n precargada (40 mg en total: 20 mg de BPC-157 + 20 mg de TB-500)<br \/>\nHoja de informaci\u00f3n de investigaci\u00f3n<\/p>\n<p>\u200d<strong>Almacenamiento:<br \/>\n&#8211; Almacenar refrigerado (2\u20138 \u00b0C). No congelar.<br \/>\n&#8211; Se suministra en formato sellado de volumen fijo para an\u00e1lisis de laboratorio.<\/strong><strong>\u200d<\/strong><br \/>\n\u200d<br \/>\n<strong>Entrega:<\/strong> Se env\u00eda con un paquete fr\u00edo<br \/>\n\u200d<strong>Entrega en 2 D\u00cdAS con seguimiento en el Reino Unido<\/strong>.<\/p>\n<p>Solo para fines de investigaci\u00f3n y desarrollo. No apto para el consumo humano ni veterinario. <\/p>\n","protected":false},"featured_media":755,"template":"","meta":{"_joinchat":[]},"product_brand":[48],"product_cat":[47],"product_tag":[],"class_list":{"0":"post-798","1":"product","2":"type-product","3":"status-publish","4":"has-post-thumbnail","6":"product_brand-dr-ima","7":"product_cat-tienda","9":"first","10":"instock","11":"shipping-taxable","12":"purchasable","13":"product-type-simple"},"_links":{"self":[{"href":"https:\/\/dr-ima.com\/es\/wp-json\/wp\/v2\/product\/798","targetHints":{"allow":["GET"]}}],"collection":[{"href":"https:\/\/dr-ima.com\/es\/wp-json\/wp\/v2\/product"}],"about":[{"href":"https:\/\/dr-ima.com\/es\/wp-json\/wp\/v2\/types\/product"}],"wp:featuredmedia":[{"embeddable":true,"href":"https:\/\/dr-ima.com\/es\/wp-json\/wp\/v2\/media\/755"}],"wp:attachment":[{"href":"https:\/\/dr-ima.com\/es\/wp-json\/wp\/v2\/media?parent=798"}],"wp:term":[{"taxonomy":"product_brand","embeddable":true,"href":"https:\/\/dr-ima.com\/es\/wp-json\/wp\/v2\/product_brand?post=798"},{"taxonomy":"product_cat","embeddable":true,"href":"https:\/\/dr-ima.com\/es\/wp-json\/wp\/v2\/product_cat?post=798"},{"taxonomy":"product_tag","embeddable":true,"href":"https:\/\/dr-ima.com\/es\/wp-json\/wp\/v2\/product_tag?post=798"}],"curies":[{"name":"wp","href":"https:\/\/api.w.org\/{rel}","templated":true}]}}