{"id":797,"date":"2025-10-10T12:39:19","date_gmt":"2025-10-10T11:39:19","guid":{"rendered":"https:\/\/dr-ima.com\/procedure\/glow-70-mg-solo-para-id\/"},"modified":"2025-10-10T12:46:04","modified_gmt":"2025-10-10T11:46:04","slug":"glow-70-mg-solo-para-id","status":"publish","type":"product","link":"https:\/\/dr-ima.com\/es\/procedure\/glow-70-mg-solo-para-id\/","title":{"rendered":"Glow 70 mg (solo para I+D)"},"content":{"rendered":"<p><strong>Suministro para 4 semanas<\/strong><\/p>\n<p>Una formulaci\u00f3n de Glow de 70 mg suministrada en un dispositivo de investigaci\u00f3n precargado, proporcionado exclusivamente para aplicaciones de I+D de laboratorio controladas. Se entrega en formato sellado para respaldar el an\u00e1lisis de estabilidad del compuesto, los estudios de formulaci\u00f3n y la evaluaci\u00f3n del mecanismo de administraci\u00f3n. <\/p>\n<p>Producido solo para investigaci\u00f3n de laboratorio. No apto para consumo humano ni veterinario. <\/p>\n<p>El dial del l\u00e1piz muestra la dosis activa de GHK-Cu, lo que permite un seguimiento preciso del ingrediente clave en lugar de la mezcla total de p\u00e9ptidos.<br \/>\n\u200d<br \/>\nCada kit de investigaci\u00f3n Glow 70 mg incluye:<br \/>\n2 \u00d7 L\u00e1pices de investigaci\u00f3n precargados (Cada l\u00e1piz contiene 5 mg de BPC-157, 5 mg de TB-500, 25 mg de GHK-Cu)<\/p>\n<p>Contenido total: 10 mg de BPC-157, 10 mg de TB-500, 50 mg de GHK-Cu<\/p>\n<p>Hoja de informaci\u00f3n de investigaci\u00f3n<\/p>\n<p>Almacenamiento:<br \/>\nConservar refrigerado (2\u20138 \u00b0C). No congelar.<br \/>\nSe suministra en formato sellado de volumen fijo para an\u00e1lisis de laboratorio. <\/p>\n<p>Entrega: Se env\u00eda con un paquete fr\u00edo.<br \/>\nEntrega con seguimiento en 2 D\u00cdAS en el Reino Unido. Solo para fines de investigaci\u00f3n y desarrollo<\/p>\n","protected":false},"excerpt":{"rendered":"<p><strong>Suministro para 4 semanas<\/strong><\/p>\n<p>Una formulaci\u00f3n de Glow de 70 mg suministrada en un dispositivo de investigaci\u00f3n precargado, proporcionado exclusivamente para aplicaciones de I+D de laboratorio controladas. Se entrega en formato sellado para respaldar el an\u00e1lisis de estabilidad del compuesto, los estudios de formulaci\u00f3n y la evaluaci\u00f3n del mecanismo de administraci\u00f3n. <\/p>\n<p>Producido solo para investigaci\u00f3n de laboratorio. No apto para consumo humano ni veterinario. <\/p>\n<p>El dial del l\u00e1piz muestra la dosis activa de GHK-Cu, lo que permite un seguimiento preciso del ingrediente clave en lugar de la mezcla total de p\u00e9ptidos.<br \/>\n\u200d<br \/>\nCada kit de investigaci\u00f3n Glow 70 mg incluye:<br \/>\n2 \u00d7 L\u00e1pices de investigaci\u00f3n precargados (Cada l\u00e1piz contiene 5 mg de BPC-157, 5 mg de TB-500, 25 mg de GHK-Cu)<\/p>\n<p>Contenido total: 10 mg de BPC-157, 10 mg de TB-500, 50 mg de GHK-Cu<\/p>\n<p>Hoja de informaci\u00f3n de investigaci\u00f3n<\/p>\n<p>Almacenamiento:<br \/>\nConservar refrigerado (2\u20138 \u00b0C). No congelar.<br \/>\nSe suministra en formato sellado de volumen fijo para an\u00e1lisis de laboratorio. <\/p>\n<p>Entrega: Se env\u00eda con un paquete fr\u00edo.<br \/>\nEntrega con seguimiento en 2 D\u00cdAS en el Reino Unido. Solo para fines de investigaci\u00f3n y desarrollo<\/p>\n","protected":false},"featured_media":755,"template":"","meta":{"_joinchat":[]},"product_brand":[48],"product_cat":[47],"product_tag":[],"class_list":{"0":"post-797","1":"product","2":"type-product","3":"status-publish","4":"has-post-thumbnail","6":"product_brand-dr-ima","7":"product_cat-tienda","9":"first","10":"instock","11":"shipping-taxable","12":"purchasable","13":"product-type-simple"},"_links":{"self":[{"href":"https:\/\/dr-ima.com\/es\/wp-json\/wp\/v2\/product\/797","targetHints":{"allow":["GET"]}}],"collection":[{"href":"https:\/\/dr-ima.com\/es\/wp-json\/wp\/v2\/product"}],"about":[{"href":"https:\/\/dr-ima.com\/es\/wp-json\/wp\/v2\/types\/product"}],"wp:featuredmedia":[{"embeddable":true,"href":"https:\/\/dr-ima.com\/es\/wp-json\/wp\/v2\/media\/755"}],"wp:attachment":[{"href":"https:\/\/dr-ima.com\/es\/wp-json\/wp\/v2\/media?parent=797"}],"wp:term":[{"taxonomy":"product_brand","embeddable":true,"href":"https:\/\/dr-ima.com\/es\/wp-json\/wp\/v2\/product_brand?post=797"},{"taxonomy":"product_cat","embeddable":true,"href":"https:\/\/dr-ima.com\/es\/wp-json\/wp\/v2\/product_cat?post=797"},{"taxonomy":"product_tag","embeddable":true,"href":"https:\/\/dr-ima.com\/es\/wp-json\/wp\/v2\/product_tag?post=797"}],"curies":[{"name":"wp","href":"https:\/\/api.w.org\/{rel}","templated":true}]}}