{"id":713,"date":"2025-09-09T12:57:15","date_gmt":"2025-09-09T11:57:15","guid":{"rendered":"https:\/\/dr.izabelasaftei.com\/procedure\/agujas-para-pluma-de-32g-x-5-mm-20-unidades-2\/"},"modified":"2025-09-09T12:57:15","modified_gmt":"2025-09-09T11:57:15","slug":"agujas-para-pluma-de-32g-x-5-mm-20-unidades-2","status":"publish","type":"product","link":"https:\/\/dr-ima.com\/es\/procedure\/agujas-para-pluma-de-32g-x-5-mm-20-unidades-2\/","title":{"rendered":"Agujas para pluma de 32G x 5 mm (20 unidades)"},"content":{"rendered":"<p><strong>Agujas para pluma de 32G x 5 mm (20 unidades)<\/strong><\/p>\n<p>Producto de grado profesional para uso en cl\u00ednica o en casa seg\u00fan lo aconseje un profesional cualificado.<br \/>\nLas im\u00e1genes son ilustrativas. Siga siempre las indicaciones de su proveedor y lea todas las etiquetas. <\/p>\n","protected":false},"excerpt":{"rendered":"<p>Agujas para pluma 32G x 5 mm (20 unidades) \u2014 producto cosm\u00e9tico\/complementario. Consulte la descripci\u00f3n completa para obtener m\u00e1s informaci\u00f3n. <\/p>\n","protected":false},"featured_media":0,"template":"","meta":{"_joinchat":[]},"product_brand":[],"product_cat":[],"product_tag":[],"class_list":{"0":"post-713","1":"product","2":"type-product","3":"status-publish","5":"first","6":"instock","7":"shipping-taxable","8":"purchasable","9":"product-type-simple"},"_links":{"self":[{"href":"https:\/\/dr-ima.com\/es\/wp-json\/wp\/v2\/product\/713","targetHints":{"allow":["GET"]}}],"collection":[{"href":"https:\/\/dr-ima.com\/es\/wp-json\/wp\/v2\/product"}],"about":[{"href":"https:\/\/dr-ima.com\/es\/wp-json\/wp\/v2\/types\/product"}],"wp:attachment":[{"href":"https:\/\/dr-ima.com\/es\/wp-json\/wp\/v2\/media?parent=713"}],"wp:term":[{"taxonomy":"product_brand","embeddable":true,"href":"https:\/\/dr-ima.com\/es\/wp-json\/wp\/v2\/product_brand?post=713"},{"taxonomy":"product_cat","embeddable":true,"href":"https:\/\/dr-ima.com\/es\/wp-json\/wp\/v2\/product_cat?post=713"},{"taxonomy":"product_tag","embeddable":true,"href":"https:\/\/dr-ima.com\/es\/wp-json\/wp\/v2\/product_tag?post=713"}],"curies":[{"name":"wp","href":"https:\/\/api.w.org\/{rel}","templated":true}]}}