{"id":705,"date":"2025-09-09T12:57:17","date_gmt":"2025-09-09T11:57:17","guid":{"rendered":"https:\/\/dr.izabelasaftei.com\/procedure\/fragmento-176-191-de-hgh-5-mg-2\/"},"modified":"2025-09-09T12:57:17","modified_gmt":"2025-09-09T11:57:17","slug":"fragmento-176-191-de-hgh-5-mg-2","status":"publish","type":"product","link":"https:\/\/dr-ima.com\/es\/procedure\/fragmento-176-191-de-hgh-5-mg-2\/","title":{"rendered":"Fragmento 176-191 de HGH 5 mg"},"content":{"rendered":"<p><strong>Fragmento 176-191 de HGH 5 mg<\/strong><\/p>\n<p>Producto de grado profesional para uso en cl\u00ednica o en casa seg\u00fan lo aconseje un profesional cualificado.<br \/>\nLas im\u00e1genes son ilustrativas. Siga siempre las indicaciones de su proveedor y lea todas las etiquetas. <\/p>\n","protected":false},"excerpt":{"rendered":"<p>Fragmento 176-191 de HGH 5 mg \u2014 producto cosm\u00e9tico\/complementario. Consulte la descripci\u00f3n completa para obtener m\u00e1s informaci\u00f3n. <\/p>\n","protected":false},"featured_media":0,"template":"","meta":{"_joinchat":[]},"product_brand":[],"product_cat":[],"product_tag":[],"class_list":{"0":"post-705","1":"product","2":"type-product","3":"status-publish","5":"first","6":"instock","7":"shipping-taxable","8":"purchasable","9":"product-type-simple"},"_links":{"self":[{"href":"https:\/\/dr-ima.com\/es\/wp-json\/wp\/v2\/product\/705","targetHints":{"allow":["GET"]}}],"collection":[{"href":"https:\/\/dr-ima.com\/es\/wp-json\/wp\/v2\/product"}],"about":[{"href":"https:\/\/dr-ima.com\/es\/wp-json\/wp\/v2\/types\/product"}],"wp:attachment":[{"href":"https:\/\/dr-ima.com\/es\/wp-json\/wp\/v2\/media?parent=705"}],"wp:term":[{"taxonomy":"product_brand","embeddable":true,"href":"https:\/\/dr-ima.com\/es\/wp-json\/wp\/v2\/product_brand?post=705"},{"taxonomy":"product_cat","embeddable":true,"href":"https:\/\/dr-ima.com\/es\/wp-json\/wp\/v2\/product_cat?post=705"},{"taxonomy":"product_tag","embeddable":true,"href":"https:\/\/dr-ima.com\/es\/wp-json\/wp\/v2\/product_tag?post=705"}],"curies":[{"name":"wp","href":"https:\/\/api.w.org\/{rel}","templated":true}]}}