{"id":698,"date":"2025-09-09T12:57:18","date_gmt":"2025-09-09T11:57:18","guid":{"rendered":"https:\/\/dr.izabelasaftei.com\/procedure\/igf-1-lr3-1-mg-2\/"},"modified":"2025-09-09T12:57:18","modified_gmt":"2025-09-09T11:57:18","slug":"igf-1-lr3-1-mg-2","status":"publish","type":"product","link":"https:\/\/dr-ima.com\/es\/procedure\/igf-1-lr3-1-mg-2\/","title":{"rendered":"IGF-1 LR3 1 mg"},"content":{"rendered":"<p><strong>IGF-1 LR3 1 mg<\/strong><\/p>\n<p>Producto de grado profesional para uso en cl\u00ednica o en casa seg\u00fan lo aconseje un profesional cualificado.<br \/>\nLas im\u00e1genes son ilustrativas. Siga siempre las indicaciones de su proveedor y lea todas las etiquetas. <\/p>\n","protected":false},"excerpt":{"rendered":"<p>IGF-1 LR3 1 mg: producto cosm\u00e9tico\/complemento. Consulte la descripci\u00f3n completa para obtener m\u00e1s informaci\u00f3n. <\/p>\n","protected":false},"featured_media":710,"template":"","meta":{"_joinchat":[]},"product_brand":[],"product_cat":[],"product_tag":[],"class_list":{"0":"post-698","1":"product","2":"type-product","3":"status-publish","4":"has-post-thumbnail","6":"first","7":"instock","8":"sold-individually","9":"shipping-taxable","10":"purchasable","11":"product-type-simple"},"_links":{"self":[{"href":"https:\/\/dr-ima.com\/es\/wp-json\/wp\/v2\/product\/698","targetHints":{"allow":["GET"]}}],"collection":[{"href":"https:\/\/dr-ima.com\/es\/wp-json\/wp\/v2\/product"}],"about":[{"href":"https:\/\/dr-ima.com\/es\/wp-json\/wp\/v2\/types\/product"}],"wp:featuredmedia":[{"embeddable":true,"href":"https:\/\/dr-ima.com\/es\/wp-json\/wp\/v2\/media\/710"}],"wp:attachment":[{"href":"https:\/\/dr-ima.com\/es\/wp-json\/wp\/v2\/media?parent=698"}],"wp:term":[{"taxonomy":"product_brand","embeddable":true,"href":"https:\/\/dr-ima.com\/es\/wp-json\/wp\/v2\/product_brand?post=698"},{"taxonomy":"product_cat","embeddable":true,"href":"https:\/\/dr-ima.com\/es\/wp-json\/wp\/v2\/product_cat?post=698"},{"taxonomy":"product_tag","embeddable":true,"href":"https:\/\/dr-ima.com\/es\/wp-json\/wp\/v2\/product_tag?post=698"}],"curies":[{"name":"wp","href":"https:\/\/api.w.org\/{rel}","templated":true}]}}