{"id":674,"date":"2025-09-09T12:38:41","date_gmt":"2025-09-09T11:38:41","guid":{"rendered":"https:\/\/dr.izabelasaftei.com\/procedure\/melanotan-ii-10-mg-no-esta-a-la-venta-en-reino-unido-ue\/"},"modified":"2025-09-09T12:38:41","modified_gmt":"2025-09-09T11:38:41","slug":"melanotan-ii-10-mg-no-esta-a-la-venta-en-reino-unido-ue","status":"publish","type":"product","link":"https:\/\/dr-ima.com\/es\/procedure\/melanotan-ii-10-mg-no-esta-a-la-venta-en-reino-unido-ue\/","title":{"rendered":"Melanotan II 10 mg (no est\u00e1 a la venta en Reino Unido\/UE)"},"content":{"rendered":"<p>Melanotan II no est\u00e1 disponible para su venta en nuestra cl\u00ednica. Esta p\u00e1gina se proporciona \u00fanicamente para fines de cumplimiento normativo e informaci\u00f3n sobre la seguridad del paciente.<br \/>\nNo anunciamos, vendemos ni suministramos este producto en el Reino Unido\/UE. Consulte a su m\u00e9dico para obtener alternativas seguras y legales. <\/p>\n","protected":false},"excerpt":{"rendered":"<p>Melanotan II no se ofrece a la venta. Esta p\u00e1gina existe para fines de cumplimiento normativo e informaci\u00f3n sobre la seguridad del paciente. <\/p>\n","protected":false},"featured_media":0,"template":"","meta":{"_joinchat":[]},"product_brand":[],"product_cat":[47],"product_tag":[],"class_list":{"0":"post-674","1":"product","2":"type-product","3":"status-publish","5":"product_cat-tienda","7":"first","8":"instock","9":"shipping-taxable","10":"purchasable","11":"product-type-simple"},"_links":{"self":[{"href":"https:\/\/dr-ima.com\/es\/wp-json\/wp\/v2\/product\/674","targetHints":{"allow":["GET"]}}],"collection":[{"href":"https:\/\/dr-ima.com\/es\/wp-json\/wp\/v2\/product"}],"about":[{"href":"https:\/\/dr-ima.com\/es\/wp-json\/wp\/v2\/types\/product"}],"wp:attachment":[{"href":"https:\/\/dr-ima.com\/es\/wp-json\/wp\/v2\/media?parent=674"}],"wp:term":[{"taxonomy":"product_brand","embeddable":true,"href":"https:\/\/dr-ima.com\/es\/wp-json\/wp\/v2\/product_brand?post=674"},{"taxonomy":"product_cat","embeddable":true,"href":"https:\/\/dr-ima.com\/es\/wp-json\/wp\/v2\/product_cat?post=674"},{"taxonomy":"product_tag","embeddable":true,"href":"https:\/\/dr-ima.com\/es\/wp-json\/wp\/v2\/product_tag?post=674"}],"curies":[{"name":"wp","href":"https:\/\/api.w.org\/{rel}","templated":true}]}}