{"id":668,"date":"2025-09-09T11:22:30","date_gmt":"2025-09-09T10:22:30","guid":{"rendered":"https:\/\/dr.izabelasaftei.com\/procedure\/fragmento-176-191-de-hgh-5-mg\/"},"modified":"2025-09-09T11:24:35","modified_gmt":"2025-09-09T10:24:35","slug":"fragmento-176-191-de-hgh-5-mg","status":"publish","type":"product","link":"https:\/\/dr-ima.com\/es\/procedure\/fragmento-176-191-de-hgh-5-mg\/","title":{"rendered":"Fragmento 176\u2013191 de HGH 5 mg"},"content":{"rendered":"<p>El fragmento 176\u2013191 de HGH (5 mg) se analiza \u00fanicamente dentro de protocolos supervisados por un m\u00e9dico.<br \/>\nEl uso, la dosificaci\u00f3n y el control requieren supervisi\u00f3n m\u00e9dica y est\u00e1n sujetos a regulaci\u00f3n.<\/p>\n","protected":false},"excerpt":{"rendered":"<p>Fragmento 176\u2013191 de HGH (5 mg). Se requiere consulta. <\/p>\n","protected":false},"featured_media":0,"template":"","meta":{"_joinchat":[]},"product_brand":[],"product_cat":[],"product_tag":[],"class_list":{"0":"post-668","1":"product","2":"type-product","3":"status-publish","5":"first","6":"instock","7":"shipping-taxable","8":"product-type-external"},"_links":{"self":[{"href":"https:\/\/dr-ima.com\/es\/wp-json\/wp\/v2\/product\/668","targetHints":{"allow":["GET"]}}],"collection":[{"href":"https:\/\/dr-ima.com\/es\/wp-json\/wp\/v2\/product"}],"about":[{"href":"https:\/\/dr-ima.com\/es\/wp-json\/wp\/v2\/types\/product"}],"wp:attachment":[{"href":"https:\/\/dr-ima.com\/es\/wp-json\/wp\/v2\/media?parent=668"}],"wp:term":[{"taxonomy":"product_brand","embeddable":true,"href":"https:\/\/dr-ima.com\/es\/wp-json\/wp\/v2\/product_brand?post=668"},{"taxonomy":"product_cat","embeddable":true,"href":"https:\/\/dr-ima.com\/es\/wp-json\/wp\/v2\/product_cat?post=668"},{"taxonomy":"product_tag","embeddable":true,"href":"https:\/\/dr-ima.com\/es\/wp-json\/wp\/v2\/product_tag?post=668"}],"curies":[{"name":"wp","href":"https:\/\/api.w.org\/{rel}","templated":true}]}}