{"id":667,"date":"2025-09-09T11:22:31","date_gmt":"2025-09-09T10:22:31","guid":{"rendered":"https:\/\/dr.izabelasaftei.com\/procedure\/5-amino-1mq-100-mg\/"},"modified":"2025-09-09T12:34:28","modified_gmt":"2025-09-09T11:34:28","slug":"5-amino-1mq-100-mg","status":"publish","type":"product","link":"https:\/\/dr-ima.com\/es\/procedure\/5-amino-1mq-100-mg\/","title":{"rendered":"5-amino-1MQ 100 mg"},"content":{"rendered":"<p>El 5-Amino-1MQ (100 mg) no se suministra sin supervisi\u00f3n m\u00e9dica y solo donde sea legal.<br \/>\nActualmente, no est\u00e1 en stock. Com\u00e9ntelo durante la consulta si es adecuado para su plan de atenci\u00f3n.<\/p>\n","protected":false},"excerpt":{"rendered":"<p>5-Amino-1MQ 100 mg. Se requiere consulta. Actualmente sin stock.<\/p>\n","protected":false},"featured_media":441,"template":"","meta":{"_joinchat":[]},"product_brand":[],"product_cat":[],"product_tag":[],"class_list":{"0":"post-667","1":"product","2":"type-product","3":"status-publish","4":"has-post-thumbnail","6":"first","7":"instock","8":"shipping-taxable","9":"purchasable","10":"product-type-simple"},"_links":{"self":[{"href":"https:\/\/dr-ima.com\/es\/wp-json\/wp\/v2\/product\/667","targetHints":{"allow":["GET"]}}],"collection":[{"href":"https:\/\/dr-ima.com\/es\/wp-json\/wp\/v2\/product"}],"about":[{"href":"https:\/\/dr-ima.com\/es\/wp-json\/wp\/v2\/types\/product"}],"wp:featuredmedia":[{"embeddable":true,"href":"https:\/\/dr-ima.com\/es\/wp-json\/wp\/v2\/media\/441"}],"wp:attachment":[{"href":"https:\/\/dr-ima.com\/es\/wp-json\/wp\/v2\/media?parent=667"}],"wp:term":[{"taxonomy":"product_brand","embeddable":true,"href":"https:\/\/dr-ima.com\/es\/wp-json\/wp\/v2\/product_brand?post=667"},{"taxonomy":"product_cat","embeddable":true,"href":"https:\/\/dr-ima.com\/es\/wp-json\/wp\/v2\/product_cat?post=667"},{"taxonomy":"product_tag","embeddable":true,"href":"https:\/\/dr-ima.com\/es\/wp-json\/wp\/v2\/product_tag?post=667"}],"curies":[{"name":"wp","href":"https:\/\/api.w.org\/{rel}","templated":true}]}}