{"id":666,"date":"2025-09-09T11:22:31","date_gmt":"2025-09-09T10:22:31","guid":{"rendered":"https:\/\/dr.izabelasaftei.com\/procedure\/igf-1-lr3-1-mg\/"},"modified":"2025-09-09T11:24:33","modified_gmt":"2025-09-09T10:24:33","slug":"igf-1-lr3-1-mg","status":"publish","type":"product","link":"https:\/\/dr-ima.com\/es\/procedure\/igf-1-lr3-1-mg\/","title":{"rendered":"IGF-1 LR3 1 mg"},"content":{"rendered":"<p>El IGF-1 LR3 (1 mg) solo se analiza dentro de la atenci\u00f3n dirigida por un m\u00e9dico.<br \/>\nSe suministra a trav\u00e9s de los canales apropiados, sujeto a la regulaci\u00f3n y al criterio cl\u00ednico. No apto para la autoadministraci\u00f3n.<\/p>\n","protected":false},"excerpt":{"rendered":"<p>IGF-1 LR3 1 mg. Se requiere consulta y supervisi\u00f3n m\u00e9dica.<\/p>\n","protected":false},"featured_media":0,"template":"","meta":{"_joinchat":[]},"product_brand":[],"product_cat":[],"product_tag":[],"class_list":{"0":"post-666","1":"product","2":"type-product","3":"status-publish","5":"first","6":"instock","7":"shipping-taxable","8":"product-type-external"},"_links":{"self":[{"href":"https:\/\/dr-ima.com\/es\/wp-json\/wp\/v2\/product\/666","targetHints":{"allow":["GET"]}}],"collection":[{"href":"https:\/\/dr-ima.com\/es\/wp-json\/wp\/v2\/product"}],"about":[{"href":"https:\/\/dr-ima.com\/es\/wp-json\/wp\/v2\/types\/product"}],"wp:attachment":[{"href":"https:\/\/dr-ima.com\/es\/wp-json\/wp\/v2\/media?parent=666"}],"wp:term":[{"taxonomy":"product_brand","embeddable":true,"href":"https:\/\/dr-ima.com\/es\/wp-json\/wp\/v2\/product_brand?post=666"},{"taxonomy":"product_cat","embeddable":true,"href":"https:\/\/dr-ima.com\/es\/wp-json\/wp\/v2\/product_cat?post=666"},{"taxonomy":"product_tag","embeddable":true,"href":"https:\/\/dr-ima.com\/es\/wp-json\/wp\/v2\/product_tag?post=666"}],"curies":[{"name":"wp","href":"https:\/\/api.w.org\/{rel}","templated":true}]}}