{"id":663,"date":"2025-09-09T11:22:30","date_gmt":"2025-09-09T10:22:30","guid":{"rendered":"https:\/\/dr.izabelasaftei.com\/procedure\/bpc-157-5-mg\/"},"modified":"2025-09-09T11:24:18","modified_gmt":"2025-09-09T10:24:18","slug":"bpc-157-5-mg","status":"publish","type":"product","link":"https:\/\/dr-ima.com\/es\/procedure\/bpc-157-5-mg\/","title":{"rendered":"BPC-157 5 mg"},"content":{"rendered":"<p>BPC-157 (5 mg) solo est\u00e1 disponible bajo la supervisi\u00f3n de un m\u00e9dico y donde sea legal.<br \/>\nActualmente sin stock. Registre su inter\u00e9s durante la consulta para recibir actualizaciones sobre la disponibilidad.<\/p>\n","protected":false},"excerpt":{"rendered":"<p>BPC-157 5 mg. Se requiere consulta. Actualmente sin stock.<\/p>\n","protected":false},"featured_media":0,"template":"","meta":{"_joinchat":[]},"product_brand":[],"product_cat":[],"product_tag":[],"class_list":{"0":"post-663","1":"product","2":"type-product","3":"status-publish","5":"first","6":"instock","7":"shipping-taxable","8":"product-type-external"},"_links":{"self":[{"href":"https:\/\/dr-ima.com\/es\/wp-json\/wp\/v2\/product\/663","targetHints":{"allow":["GET"]}}],"collection":[{"href":"https:\/\/dr-ima.com\/es\/wp-json\/wp\/v2\/product"}],"about":[{"href":"https:\/\/dr-ima.com\/es\/wp-json\/wp\/v2\/types\/product"}],"wp:attachment":[{"href":"https:\/\/dr-ima.com\/es\/wp-json\/wp\/v2\/media?parent=663"}],"wp:term":[{"taxonomy":"product_brand","embeddable":true,"href":"https:\/\/dr-ima.com\/es\/wp-json\/wp\/v2\/product_brand?post=663"},{"taxonomy":"product_cat","embeddable":true,"href":"https:\/\/dr-ima.com\/es\/wp-json\/wp\/v2\/product_cat?post=663"},{"taxonomy":"product_tag","embeddable":true,"href":"https:\/\/dr-ima.com\/es\/wp-json\/wp\/v2\/product_tag?post=663"}],"curies":[{"name":"wp","href":"https:\/\/api.w.org\/{rel}","templated":true}]}}