{"id":662,"date":"2025-09-09T11:22:30","date_gmt":"2025-09-09T10:22:30","guid":{"rendered":"https:\/\/dr.izabelasaftei.com\/procedure\/longevity-pen-glutation-nad-y-resveratrol-1200-mg-3-ml\/"},"modified":"2025-09-09T11:24:23","modified_gmt":"2025-09-09T10:24:23","slug":"longevity-pen-glutation-nad-y-resveratrol-1200-mg-3-ml","status":"publish","type":"product","link":"https:\/\/dr-ima.com\/es\/procedure\/longevity-pen-glutation-nad-y-resveratrol-1200-mg-3-ml\/","title":{"rendered":"Longevity Pen (glutati\u00f3n, NAD+ y resveratrol) 1200 mg\/3 ml"},"content":{"rendered":"<p>Una formulaci\u00f3n de bienestar dirigida por un m\u00e9dico (1200 mg\/3 ml) que incorpora glutati\u00f3n, NAD+ y resveratrol.<br \/>\nSe proporciona \u00fanicamente dentro de protocolos supervisados. La idoneidad, la dosificaci\u00f3n y el seguimiento los determina un profesional m\u00e9dico.<\/p>\n","protected":false},"excerpt":{"rendered":"<p>\u00bfLongevity Pen? que contiene glutati\u00f3n, NAD+ y resveratrol (1200 mg\/3 ml). Se requiere consulta.<\/p>\n","protected":false},"featured_media":0,"template":"","meta":{"_joinchat":[]},"product_brand":[],"product_cat":[],"product_tag":[],"class_list":{"0":"post-662","1":"product","2":"type-product","3":"status-publish","5":"first","6":"instock","7":"shipping-taxable","8":"product-type-external"},"_links":{"self":[{"href":"https:\/\/dr-ima.com\/es\/wp-json\/wp\/v2\/product\/662","targetHints":{"allow":["GET"]}}],"collection":[{"href":"https:\/\/dr-ima.com\/es\/wp-json\/wp\/v2\/product"}],"about":[{"href":"https:\/\/dr-ima.com\/es\/wp-json\/wp\/v2\/types\/product"}],"wp:attachment":[{"href":"https:\/\/dr-ima.com\/es\/wp-json\/wp\/v2\/media?parent=662"}],"wp:term":[{"taxonomy":"product_brand","embeddable":true,"href":"https:\/\/dr-ima.com\/es\/wp-json\/wp\/v2\/product_brand?post=662"},{"taxonomy":"product_cat","embeddable":true,"href":"https:\/\/dr-ima.com\/es\/wp-json\/wp\/v2\/product_cat?post=662"},{"taxonomy":"product_tag","embeddable":true,"href":"https:\/\/dr-ima.com\/es\/wp-json\/wp\/v2\/product_tag?post=662"}],"curies":[{"name":"wp","href":"https:\/\/api.w.org\/{rel}","templated":true}]}}