{"id":661,"date":"2025-09-09T11:22:29","date_gmt":"2025-09-09T10:22:29","guid":{"rendered":"https:\/\/dr.izabelasaftei.com\/procedure\/somatropina-hgh-30-ui-99-mg\/"},"modified":"2025-09-09T11:24:05","modified_gmt":"2025-09-09T10:24:05","slug":"somatropina-hgh-30-ui-99-mg","status":"publish","type":"product","link":"https:\/\/dr-ima.com\/es\/procedure\/somatropina-hgh-30-ui-99-mg\/","title":{"rendered":"Somatropina (HGH) 30 UI \/ 9,9 mg"},"content":{"rendered":"<p>La somatropina (hormona de crecimiento humana) es un medicamento que solo se dispensa con receta m\u00e9dica.<br \/>\nEsta p\u00e1gina est\u00e1 destinada a pacientes bajo supervisi\u00f3n cl\u00ednica para comprender las opciones y los precios.<br \/>\nEl suministro requiere una consulta, historial m\u00e9dico y seguimiento continuo seg\u00fan las indicaciones. No apto para uso autodirigido. <\/p>\n","protected":false},"excerpt":{"rendered":"<p>La somatropina (30 UI \/ 9,9 mg) solo se dispensa con receta m\u00e9dica y se suministra bajo la supervisi\u00f3n de un m\u00e9dico.<\/p>\n","protected":false},"featured_media":0,"template":"","meta":{"_joinchat":[]},"product_brand":[],"product_cat":[],"product_tag":[],"class_list":{"0":"post-661","1":"product","2":"type-product","3":"status-publish","5":"first","6":"instock","7":"shipping-taxable","8":"product-type-external"},"_links":{"self":[{"href":"https:\/\/dr-ima.com\/es\/wp-json\/wp\/v2\/product\/661","targetHints":{"allow":["GET"]}}],"collection":[{"href":"https:\/\/dr-ima.com\/es\/wp-json\/wp\/v2\/product"}],"about":[{"href":"https:\/\/dr-ima.com\/es\/wp-json\/wp\/v2\/types\/product"}],"wp:attachment":[{"href":"https:\/\/dr-ima.com\/es\/wp-json\/wp\/v2\/media?parent=661"}],"wp:term":[{"taxonomy":"product_brand","embeddable":true,"href":"https:\/\/dr-ima.com\/es\/wp-json\/wp\/v2\/product_brand?post=661"},{"taxonomy":"product_cat","embeddable":true,"href":"https:\/\/dr-ima.com\/es\/wp-json\/wp\/v2\/product_cat?post=661"},{"taxonomy":"product_tag","embeddable":true,"href":"https:\/\/dr-ima.com\/es\/wp-json\/wp\/v2\/product_tag?post=661"}],"curies":[{"name":"wp","href":"https:\/\/api.w.org\/{rel}","templated":true}]}}