{"id":659,"date":"2025-09-09T11:22:29","date_gmt":"2025-09-09T10:22:29","guid":{"rendered":"https:\/\/dr.izabelasaftei.com\/procedure\/semaglutida-1-mg-5-mg\/"},"modified":"2025-09-09T11:24:23","modified_gmt":"2025-09-09T10:24:23","slug":"semaglutida-1-mg-5-mg","status":"publish","type":"product","link":"https:\/\/dr-ima.com\/es\/procedure\/semaglutida-1-mg-5-mg\/","title":{"rendered":"Semaglutida (1 mg\/5 mg)"},"content":{"rendered":"<p>La semaglutida es un medicamento GLP-1 que requiere receta m\u00e9dica. Este anuncio es informativo para los pacientes de nuestro programa dirigido por un m\u00e9dico.<br \/>\nLas opciones de dosificaci\u00f3n incluyen viales de 1 mg y 5 mg. La elegibilidad, la dosificaci\u00f3n y el seguimiento se determinan durante la consulta.<br \/>\nNo suministramos sin una receta v\u00e1lida y supervisi\u00f3n cl\u00ednica. El precio mostrado refleja el precio de nivel de entrada \u00abdesde\u00bb. <\/p>\n","protected":false},"excerpt":{"rendered":"<p>Viales de semaglutida (1 mg \/ 5 mg). Solo con receta; se suministra despu\u00e9s de una evaluaci\u00f3n m\u00e9dica. <\/p>\n","protected":false},"featured_media":0,"template":"","meta":{"_joinchat":[]},"product_brand":[],"product_cat":[],"product_tag":[],"class_list":{"0":"post-659","1":"product","2":"type-product","3":"status-publish","5":"first","6":"instock","7":"shipping-taxable","8":"product-type-external"},"_links":{"self":[{"href":"https:\/\/dr-ima.com\/es\/wp-json\/wp\/v2\/product\/659","targetHints":{"allow":["GET"]}}],"collection":[{"href":"https:\/\/dr-ima.com\/es\/wp-json\/wp\/v2\/product"}],"about":[{"href":"https:\/\/dr-ima.com\/es\/wp-json\/wp\/v2\/types\/product"}],"wp:attachment":[{"href":"https:\/\/dr-ima.com\/es\/wp-json\/wp\/v2\/media?parent=659"}],"wp:term":[{"taxonomy":"product_brand","embeddable":true,"href":"https:\/\/dr-ima.com\/es\/wp-json\/wp\/v2\/product_brand?post=659"},{"taxonomy":"product_cat","embeddable":true,"href":"https:\/\/dr-ima.com\/es\/wp-json\/wp\/v2\/product_cat?post=659"},{"taxonomy":"product_tag","embeddable":true,"href":"https:\/\/dr-ima.com\/es\/wp-json\/wp\/v2\/product_tag?post=659"}],"curies":[{"name":"wp","href":"https:\/\/api.w.org\/{rel}","templated":true}]}}