{"id":658,"date":"2025-09-09T11:22:29","date_gmt":"2025-09-09T10:22:29","guid":{"rendered":"https:\/\/dr.izabelasaftei.com\/procedure\/luminosidad-de-la-piel-ghk-cu-100-mg\/"},"modified":"2025-09-09T11:23:57","modified_gmt":"2025-09-09T10:23:57","slug":"luminosidad-de-la-piel-ghk-cu-100-mg","status":"publish","type":"product","link":"https:\/\/dr-ima.com\/es\/procedure\/luminosidad-de-la-piel-ghk-cu-100-mg\/","title":{"rendered":"Luminosidad de la piel (GHK-cu) 100 mg"},"content":{"rendered":"<p>Un preparado de p\u00e9ptido de cobre (GHK-Cu) destinado a su inclusi\u00f3n dentro de un plan de cuidado de la piel dirigido por un m\u00e9dico.<br \/>\nNo es una afirmaci\u00f3n medicinal; se utiliza como parte de protocolos profesionales cuando es apropiado. La consulta determina la idoneidad y el uso.<br \/>\nNo se suministra para la autoadministraci\u00f3n sin orientaci\u00f3n.<\/p>\n","protected":false},"excerpt":{"rendered":"<p>Preparado de GHK-Cu (100 mg) discutido dentro de un plan de cuidado de la piel dirigido por un m\u00e9dico.<\/p>\n","protected":false},"featured_media":0,"template":"","meta":{"_joinchat":[]},"product_brand":[],"product_cat":[],"product_tag":[],"class_list":{"0":"post-658","1":"product","2":"type-product","3":"status-publish","5":"first","6":"instock","7":"shipping-taxable","8":"product-type-external"},"_links":{"self":[{"href":"https:\/\/dr-ima.com\/es\/wp-json\/wp\/v2\/product\/658","targetHints":{"allow":["GET"]}}],"collection":[{"href":"https:\/\/dr-ima.com\/es\/wp-json\/wp\/v2\/product"}],"about":[{"href":"https:\/\/dr-ima.com\/es\/wp-json\/wp\/v2\/types\/product"}],"wp:attachment":[{"href":"https:\/\/dr-ima.com\/es\/wp-json\/wp\/v2\/media?parent=658"}],"wp:term":[{"taxonomy":"product_brand","embeddable":true,"href":"https:\/\/dr-ima.com\/es\/wp-json\/wp\/v2\/product_brand?post=658"},{"taxonomy":"product_cat","embeddable":true,"href":"https:\/\/dr-ima.com\/es\/wp-json\/wp\/v2\/product_cat?post=658"},{"taxonomy":"product_tag","embeddable":true,"href":"https:\/\/dr-ima.com\/es\/wp-json\/wp\/v2\/product_tag?post=658"}],"curies":[{"name":"wp","href":"https:\/\/api.w.org\/{rel}","templated":true}]}}