{"id":657,"date":"2025-09-09T11:22:29","date_gmt":"2025-09-09T10:22:29","guid":{"rendered":"https:\/\/dr.izabelasaftei.com\/procedure\/agujas-para-pluma-de-32g-x-5-mm-50-unidades\/"},"modified":"2025-09-09T11:23:34","modified_gmt":"2025-09-09T10:23:34","slug":"agujas-para-pluma-de-32g-x-5-mm-50-unidades","status":"publish","type":"product","link":"https:\/\/dr-ima.com\/es\/procedure\/agujas-para-pluma-de-32g-x-5-mm-50-unidades\/","title":{"rendered":"Agujas para pluma de 32G x 5 mm (50 unidades)"},"content":{"rendered":"<p>Agujas para pluma de 32G x 5 mm de ajuste universal compatibles con la mayor\u00eda de los dispositivos de pluma est\u00e1ndar.<br \/>\nEst\u00e9ril, de un solo uso. Caja de 50 unidades. Siga siempre las indicaciones de su m\u00e9dico para el uso y la eliminaci\u00f3n.<br \/>\nMant\u00e9ngase fuera del alcance de los ni\u00f1os.<\/p>\n","protected":false},"excerpt":{"rendered":"<p>Agujas para pluma de 32G x 5 mm de ajuste universal (50 unidades) en envases est\u00e9riles.<\/p>\n","protected":false},"featured_media":0,"template":"","meta":{"_joinchat":[]},"product_brand":[],"product_cat":[],"product_tag":[],"class_list":{"0":"post-657","1":"product","2":"type-product","3":"status-publish","5":"first","6":"outofstock","7":"shipping-taxable","8":"purchasable","9":"product-type-simple"},"_links":{"self":[{"href":"https:\/\/dr-ima.com\/es\/wp-json\/wp\/v2\/product\/657","targetHints":{"allow":["GET"]}}],"collection":[{"href":"https:\/\/dr-ima.com\/es\/wp-json\/wp\/v2\/product"}],"about":[{"href":"https:\/\/dr-ima.com\/es\/wp-json\/wp\/v2\/types\/product"}],"wp:attachment":[{"href":"https:\/\/dr-ima.com\/es\/wp-json\/wp\/v2\/media?parent=657"}],"wp:term":[{"taxonomy":"product_brand","embeddable":true,"href":"https:\/\/dr-ima.com\/es\/wp-json\/wp\/v2\/product_brand?post=657"},{"taxonomy":"product_cat","embeddable":true,"href":"https:\/\/dr-ima.com\/es\/wp-json\/wp\/v2\/product_cat?post=657"},{"taxonomy":"product_tag","embeddable":true,"href":"https:\/\/dr-ima.com\/es\/wp-json\/wp\/v2\/product_tag?post=657"}],"curies":[{"name":"wp","href":"https:\/\/api.w.org\/{rel}","templated":true}]}}