{"id":654,"date":"2025-09-09T11:22:28","date_gmt":"2025-09-09T10:22:28","guid":{"rendered":"https:\/\/dr.izabelasaftei.com\/procedure\/retatrutida-6-mg-12-mg\/"},"modified":"2025-09-09T12:16:02","modified_gmt":"2025-09-09T11:16:02","slug":"retatrutida-6-mg-12-mg","status":"publish","type":"product","link":"https:\/\/dr-ima.com\/es\/procedure\/retatrutida-6-mg-12-mg\/","title":{"rendered":"Retatrutida (6 mg\/12 mg)"},"content":{"rendered":"<p>La retatrutida es un p\u00e9ptido en investigaci\u00f3n que se ofrece dentro de un programa de control metab\u00f3lico y de peso dirigido por un m\u00e9dico.<br \/>\nEste producto est\u00e1 disponible en viales de 6 mg y 12 mg. La idoneidad, la dosis y el control se determinan durante una consulta m\u00e9dica.<br \/>\nNo debe autoadministrarse sin supervisi\u00f3n cl\u00ednica. Se suministra a trav\u00e9s de canales autorizados. Esta p\u00e1gina es informativa; es necesario reservar una consulta antes del suministro.  <\/p>\n","protected":false},"excerpt":{"rendered":"<p>Retatrutida disponible en viales de 6 mg y 12 mg.<\/p>\n","protected":false},"featured_media":441,"template":"","meta":{"_joinchat":[]},"product_brand":[],"product_cat":[],"product_tag":[],"class_list":{"0":"post-654","1":"product","2":"type-product","3":"status-publish","4":"has-post-thumbnail","6":"first","7":"instock","8":"shipping-taxable","9":"purchasable","10":"product-type-simple"},"_links":{"self":[{"href":"https:\/\/dr-ima.com\/es\/wp-json\/wp\/v2\/product\/654","targetHints":{"allow":["GET"]}}],"collection":[{"href":"https:\/\/dr-ima.com\/es\/wp-json\/wp\/v2\/product"}],"about":[{"href":"https:\/\/dr-ima.com\/es\/wp-json\/wp\/v2\/types\/product"}],"wp:featuredmedia":[{"embeddable":true,"href":"https:\/\/dr-ima.com\/es\/wp-json\/wp\/v2\/media\/441"}],"wp:attachment":[{"href":"https:\/\/dr-ima.com\/es\/wp-json\/wp\/v2\/media?parent=654"}],"wp:term":[{"taxonomy":"product_brand","embeddable":true,"href":"https:\/\/dr-ima.com\/es\/wp-json\/wp\/v2\/product_brand?post=654"},{"taxonomy":"product_cat","embeddable":true,"href":"https:\/\/dr-ima.com\/es\/wp-json\/wp\/v2\/product_cat?post=654"},{"taxonomy":"product_tag","embeddable":true,"href":"https:\/\/dr-ima.com\/es\/wp-json\/wp\/v2\/product_tag?post=654"}],"curies":[{"name":"wp","href":"https:\/\/api.w.org\/{rel}","templated":true}]}}