{"id":425,"date":"2025-08-25T13:17:09","date_gmt":"2025-08-25T12:17:09","guid":{"rendered":"https:\/\/dr.izabelasaftei.com\/product\/reduccion-de-mandibula\/"},"modified":"2025-08-26T07:44:30","modified_gmt":"2025-08-26T06:44:30","slug":"reduccion-de-mandibula","status":"publish","type":"product","link":"https:\/\/dr-ima.com\/es\/procedure\/reduccion-de-mandibula\/","title":{"rendered":"Reducci\u00f3n de mand\u00edbula"},"content":{"rendered":"<p>B\u00f3tox para la reducci\u00f3n de la l\u00ednea de la mand\u00edbula<\/p>\n","protected":false},"excerpt":{"rendered":"<p>B\u00f3tox para la reducci\u00f3n de la l\u00ednea de la mand\u00edbula<\/p>\n","protected":false},"featured_media":441,"template":"","meta":{"_joinchat":[]},"product_brand":[],"product_cat":[38],"product_tag":[],"class_list":{"0":"post-425","1":"product","2":"type-product","3":"status-publish","4":"has-post-thumbnail","6":"product_cat-botox","8":"first","9":"instock","10":"shipping-taxable","11":"purchasable","12":"product-type-simple"},"_links":{"self":[{"href":"https:\/\/dr-ima.com\/es\/wp-json\/wp\/v2\/product\/425","targetHints":{"allow":["GET"]}}],"collection":[{"href":"https:\/\/dr-ima.com\/es\/wp-json\/wp\/v2\/product"}],"about":[{"href":"https:\/\/dr-ima.com\/es\/wp-json\/wp\/v2\/types\/product"}],"wp:featuredmedia":[{"embeddable":true,"href":"https:\/\/dr-ima.com\/es\/wp-json\/wp\/v2\/media\/441"}],"wp:attachment":[{"href":"https:\/\/dr-ima.com\/es\/wp-json\/wp\/v2\/media?parent=425"}],"wp:term":[{"taxonomy":"product_brand","embeddable":true,"href":"https:\/\/dr-ima.com\/es\/wp-json\/wp\/v2\/product_brand?post=425"},{"taxonomy":"product_cat","embeddable":true,"href":"https:\/\/dr-ima.com\/es\/wp-json\/wp\/v2\/product_cat?post=425"},{"taxonomy":"product_tag","embeddable":true,"href":"https:\/\/dr-ima.com\/es\/wp-json\/wp\/v2\/product_tag?post=425"}],"curies":[{"name":"wp","href":"https:\/\/api.w.org\/{rel}","templated":true}]}}