{"id":412,"date":"2025-08-25T13:18:01","date_gmt":"2025-08-25T12:18:01","guid":{"rendered":"https:\/\/dr.izabelasaftei.com\/product\/polinucleotidos\/"},"modified":"2025-08-26T07:46:34","modified_gmt":"2025-08-26T06:46:34","slug":"polinucleotidos","status":"publish","type":"product","link":"https:\/\/dr-ima.com\/es\/procedure\/polinucleotidos\/","title":{"rendered":"Polinucle\u00f3tidos"},"content":{"rendered":"<p>Regeneraci\u00f3n de la piel con polinucle\u00f3tidos<\/p>\n","protected":false},"excerpt":{"rendered":"<p>Regeneraci\u00f3n de la piel con polinucle\u00f3tidos<\/p>\n","protected":false},"featured_media":441,"template":"","meta":{"_joinchat":[]},"product_brand":[],"product_cat":[42],"product_tag":[],"class_list":{"0":"post-412","1":"product","2":"type-product","3":"status-publish","4":"has-post-thumbnail","6":"product_cat-potenciadores-de-la-piel","8":"first","9":"instock","10":"shipping-taxable","11":"purchasable","12":"product-type-simple"},"_links":{"self":[{"href":"https:\/\/dr-ima.com\/es\/wp-json\/wp\/v2\/product\/412","targetHints":{"allow":["GET"]}}],"collection":[{"href":"https:\/\/dr-ima.com\/es\/wp-json\/wp\/v2\/product"}],"about":[{"href":"https:\/\/dr-ima.com\/es\/wp-json\/wp\/v2\/types\/product"}],"wp:featuredmedia":[{"embeddable":true,"href":"https:\/\/dr-ima.com\/es\/wp-json\/wp\/v2\/media\/441"}],"wp:attachment":[{"href":"https:\/\/dr-ima.com\/es\/wp-json\/wp\/v2\/media?parent=412"}],"wp:term":[{"taxonomy":"product_brand","embeddable":true,"href":"https:\/\/dr-ima.com\/es\/wp-json\/wp\/v2\/product_brand?post=412"},{"taxonomy":"product_cat","embeddable":true,"href":"https:\/\/dr-ima.com\/es\/wp-json\/wp\/v2\/product_cat?post=412"},{"taxonomy":"product_tag","embeddable":true,"href":"https:\/\/dr-ima.com\/es\/wp-json\/wp\/v2\/product_tag?post=412"}],"curies":[{"name":"wp","href":"https:\/\/api.w.org\/{rel}","templated":true}]}}