{"id":402,"date":"2025-08-25T13:18:05","date_gmt":"2025-08-25T12:18:05","guid":{"rendered":"https:\/\/dr.izabelasaftei.com\/product\/lifting-de-gluteos-1-sesion\/"},"modified":"2025-08-26T07:46:29","modified_gmt":"2025-08-26T06:46:29","slug":"lifting-de-gluteos-1-sesion","status":"publish","type":"product","link":"https:\/\/dr-ima.com\/es\/procedure\/lifting-de-gluteos-1-sesion\/","title":{"rendered":"Lifting de gl\u00fateos, 1 sesi\u00f3n"},"content":{"rendered":"<p>Lifting de gl\u00fateos sin cirug\u00eda (1 sesi\u00f3n)<\/p>\n","protected":false},"excerpt":{"rendered":"<p>Lifting de gl\u00fateos sin cirug\u00eda (1 sesi\u00f3n)<\/p>\n","protected":false},"featured_media":441,"template":"","meta":{"_joinchat":[]},"product_brand":[],"product_cat":[43],"product_tag":[],"class_list":{"0":"post-402","1":"product","2":"type-product","3":"status-publish","4":"has-post-thumbnail","6":"product_cat-procedimientos-no-quirurgicos","8":"first","9":"instock","10":"shipping-taxable","11":"purchasable","12":"product-type-simple"},"_links":{"self":[{"href":"https:\/\/dr-ima.com\/es\/wp-json\/wp\/v2\/product\/402","targetHints":{"allow":["GET"]}}],"collection":[{"href":"https:\/\/dr-ima.com\/es\/wp-json\/wp\/v2\/product"}],"about":[{"href":"https:\/\/dr-ima.com\/es\/wp-json\/wp\/v2\/types\/product"}],"wp:featuredmedia":[{"embeddable":true,"href":"https:\/\/dr-ima.com\/es\/wp-json\/wp\/v2\/media\/441"}],"wp:attachment":[{"href":"https:\/\/dr-ima.com\/es\/wp-json\/wp\/v2\/media?parent=402"}],"wp:term":[{"taxonomy":"product_brand","embeddable":true,"href":"https:\/\/dr-ima.com\/es\/wp-json\/wp\/v2\/product_brand?post=402"},{"taxonomy":"product_cat","embeddable":true,"href":"https:\/\/dr-ima.com\/es\/wp-json\/wp\/v2\/product_cat?post=402"},{"taxonomy":"product_tag","embeddable":true,"href":"https:\/\/dr-ima.com\/es\/wp-json\/wp\/v2\/product_tag?post=402"}],"curies":[{"name":"wp","href":"https:\/\/api.w.org\/{rel}","templated":true}]}}