{"id":401,"date":"2025-08-25T13:18:03","date_gmt":"2025-08-25T12:18:03","guid":{"rendered":"https:\/\/dr.izabelasaftei.com\/product\/tratamiento-para-la-caida-del-cabello-4-sesiones\/"},"modified":"2025-08-26T07:46:33","modified_gmt":"2025-08-26T06:46:33","slug":"tratamiento-para-la-caida-del-cabello-4-sesiones","status":"publish","type":"product","link":"https:\/\/dr-ima.com\/es\/procedure\/tratamiento-para-la-caida-del-cabello-4-sesiones\/","title":{"rendered":"Tratamiento para la ca\u00edda del cabello, 4 sesiones"},"content":{"rendered":"<p>Terapia de inyecci\u00f3n para la ca\u00edda del cabello (4 sesiones)<\/p>\n","protected":false},"excerpt":{"rendered":"<p>Terapia de inyecci\u00f3n para la ca\u00edda del cabello (4 sesiones)<\/p>\n","protected":false},"featured_media":441,"template":"","meta":{"_joinchat":[]},"product_brand":[],"product_cat":[44],"product_tag":[],"class_list":{"0":"post-401","1":"product","2":"type-product","3":"status-publish","4":"has-post-thumbnail","6":"product_cat-otras-inyecciones","8":"first","9":"instock","10":"shipping-taxable","11":"purchasable","12":"product-type-simple"},"_links":{"self":[{"href":"https:\/\/dr-ima.com\/es\/wp-json\/wp\/v2\/product\/401","targetHints":{"allow":["GET"]}}],"collection":[{"href":"https:\/\/dr-ima.com\/es\/wp-json\/wp\/v2\/product"}],"about":[{"href":"https:\/\/dr-ima.com\/es\/wp-json\/wp\/v2\/types\/product"}],"wp:featuredmedia":[{"embeddable":true,"href":"https:\/\/dr-ima.com\/es\/wp-json\/wp\/v2\/media\/441"}],"wp:attachment":[{"href":"https:\/\/dr-ima.com\/es\/wp-json\/wp\/v2\/media?parent=401"}],"wp:term":[{"taxonomy":"product_brand","embeddable":true,"href":"https:\/\/dr-ima.com\/es\/wp-json\/wp\/v2\/product_brand?post=401"},{"taxonomy":"product_cat","embeddable":true,"href":"https:\/\/dr-ima.com\/es\/wp-json\/wp\/v2\/product_cat?post=401"},{"taxonomy":"product_tag","embeddable":true,"href":"https:\/\/dr-ima.com\/es\/wp-json\/wp\/v2\/product_tag?post=401"}],"curies":[{"name":"wp","href":"https:\/\/api.w.org\/{rel}","templated":true}]}}