{"id":380,"date":"2025-08-25T13:18:04","date_gmt":"2025-08-25T12:18:04","guid":{"rendered":"https:\/\/dr.izabelasaftei.com\/product\/primera-sesion-de-inyeccion-intima-para-mujeres\/"},"modified":"2025-08-26T07:46:28","modified_gmt":"2025-08-26T06:46:28","slug":"primera-sesion-de-inyeccion-intima-para-mujeres","status":"publish","type":"product","link":"https:\/\/dr-ima.com\/es\/procedure\/primera-sesion-de-inyeccion-intima-para-mujeres\/","title":{"rendered":"Primera sesi\u00f3n de inyecci\u00f3n \u00edntima para mujeres"},"content":{"rendered":"<p>Inyecci\u00f3n de mejora no quir\u00fargica para mujeres<\/p>\n","protected":false},"excerpt":{"rendered":"<p>Inyecci\u00f3n de mejora no quir\u00fargica para mujeres<\/p>\n","protected":false},"featured_media":441,"template":"","meta":{"_joinchat":[]},"product_brand":[],"product_cat":[43],"product_tag":[],"class_list":{"0":"post-380","1":"product","2":"type-product","3":"status-publish","4":"has-post-thumbnail","6":"product_cat-procedimientos-no-quirurgicos","8":"first","9":"instock","10":"shipping-taxable","11":"purchasable","12":"product-type-simple"},"_links":{"self":[{"href":"https:\/\/dr-ima.com\/es\/wp-json\/wp\/v2\/product\/380","targetHints":{"allow":["GET"]}}],"collection":[{"href":"https:\/\/dr-ima.com\/es\/wp-json\/wp\/v2\/product"}],"about":[{"href":"https:\/\/dr-ima.com\/es\/wp-json\/wp\/v2\/types\/product"}],"wp:featuredmedia":[{"embeddable":true,"href":"https:\/\/dr-ima.com\/es\/wp-json\/wp\/v2\/media\/441"}],"wp:attachment":[{"href":"https:\/\/dr-ima.com\/es\/wp-json\/wp\/v2\/media?parent=380"}],"wp:term":[{"taxonomy":"product_brand","embeddable":true,"href":"https:\/\/dr-ima.com\/es\/wp-json\/wp\/v2\/product_brand?post=380"},{"taxonomy":"product_cat","embeddable":true,"href":"https:\/\/dr-ima.com\/es\/wp-json\/wp\/v2\/product_cat?post=380"},{"taxonomy":"product_tag","embeddable":true,"href":"https:\/\/dr-ima.com\/es\/wp-json\/wp\/v2\/product_tag?post=380"}],"curies":[{"name":"wp","href":"https:\/\/api.w.org\/{rel}","templated":true}]}}