{"id":372,"date":"2025-08-25T13:17:32","date_gmt":"2025-08-25T12:17:32","guid":{"rendered":"https:\/\/dr.izabelasaftei.com\/product\/bbl-100-ml\/"},"modified":"2025-08-26T07:46:45","modified_gmt":"2025-08-26T06:46:45","slug":"bbl-100-ml","status":"publish","type":"product","link":"https:\/\/dr-ima.com\/es\/procedure\/bbl-100-ml\/","title":{"rendered":"BBL 100 ml"},"content":{"rendered":"<p>Lifting de gl\u00fateos brasile\u00f1o sin cirug\u00eda con 100 ml de relleno<\/p>\n","protected":false},"excerpt":{"rendered":"<p>Lifting de gl\u00fateos brasile\u00f1o sin cirug\u00eda con 100 ml de relleno<\/p>\n","protected":false},"featured_media":441,"template":"","meta":{"_joinchat":[]},"product_brand":[],"product_cat":[41],"product_tag":[],"class_list":{"0":"post-372","1":"product","2":"type-product","3":"status-publish","4":"has-post-thumbnail","6":"product_cat-bbl-no-quirurgico","8":"first","9":"instock","10":"shipping-taxable","11":"purchasable","12":"product-type-simple"},"_links":{"self":[{"href":"https:\/\/dr-ima.com\/es\/wp-json\/wp\/v2\/product\/372","targetHints":{"allow":["GET"]}}],"collection":[{"href":"https:\/\/dr-ima.com\/es\/wp-json\/wp\/v2\/product"}],"about":[{"href":"https:\/\/dr-ima.com\/es\/wp-json\/wp\/v2\/types\/product"}],"wp:featuredmedia":[{"embeddable":true,"href":"https:\/\/dr-ima.com\/es\/wp-json\/wp\/v2\/media\/441"}],"wp:attachment":[{"href":"https:\/\/dr-ima.com\/es\/wp-json\/wp\/v2\/media?parent=372"}],"wp:term":[{"taxonomy":"product_brand","embeddable":true,"href":"https:\/\/dr-ima.com\/es\/wp-json\/wp\/v2\/product_brand?post=372"},{"taxonomy":"product_cat","embeddable":true,"href":"https:\/\/dr-ima.com\/es\/wp-json\/wp\/v2\/product_cat?post=372"},{"taxonomy":"product_tag","embeddable":true,"href":"https:\/\/dr-ima.com\/es\/wp-json\/wp\/v2\/product_tag?post=372"}],"curies":[{"name":"wp","href":"https:\/\/api.w.org\/{rel}","templated":true}]}}