{"id":368,"date":"2025-08-25T13:17:30","date_gmt":"2025-08-25T12:17:30","guid":{"rendered":"https:\/\/dr.izabelasaftei.com\/product\/pantorrillas\/"},"modified":"2025-08-26T07:46:50","modified_gmt":"2025-08-26T06:46:50","slug":"pantorrillas","status":"publish","type":"product","link":"https:\/\/dr-ima.com\/es\/procedure\/pantorrillas\/","title":{"rendered":"Pantorrillas"},"content":{"rendered":"<p>B\u00f3tox para reducir el tama\u00f1o de los m\u00fasculos de la pantorrilla<\/p>\n","protected":false},"excerpt":{"rendered":"<p>B\u00f3tox para reducir el tama\u00f1o de los m\u00fasculos de la pantorrilla<\/p>\n","protected":false},"featured_media":441,"template":"","meta":{"_joinchat":[]},"product_brand":[],"product_cat":[38],"product_tag":[],"class_list":{"0":"post-368","1":"product","2":"type-product","3":"status-publish","4":"has-post-thumbnail","6":"product_cat-botox","8":"first","9":"instock","10":"shipping-taxable","11":"purchasable","12":"product-type-simple"},"_links":{"self":[{"href":"https:\/\/dr-ima.com\/es\/wp-json\/wp\/v2\/product\/368","targetHints":{"allow":["GET"]}}],"collection":[{"href":"https:\/\/dr-ima.com\/es\/wp-json\/wp\/v2\/product"}],"about":[{"href":"https:\/\/dr-ima.com\/es\/wp-json\/wp\/v2\/types\/product"}],"wp:featuredmedia":[{"embeddable":true,"href":"https:\/\/dr-ima.com\/es\/wp-json\/wp\/v2\/media\/441"}],"wp:attachment":[{"href":"https:\/\/dr-ima.com\/es\/wp-json\/wp\/v2\/media?parent=368"}],"wp:term":[{"taxonomy":"product_brand","embeddable":true,"href":"https:\/\/dr-ima.com\/es\/wp-json\/wp\/v2\/product_brand?post=368"},{"taxonomy":"product_cat","embeddable":true,"href":"https:\/\/dr-ima.com\/es\/wp-json\/wp\/v2\/product_cat?post=368"},{"taxonomy":"product_tag","embeddable":true,"href":"https:\/\/dr-ima.com\/es\/wp-json\/wp\/v2\/product_tag?post=368"}],"curies":[{"name":"wp","href":"https:\/\/api.w.org\/{rel}","templated":true}]}}