{"id":366,"date":"2025-08-25T13:17:29","date_gmt":"2025-08-25T12:17:29","guid":{"rendered":"https:\/\/dr.izabelasaftei.com\/product\/botox-en-el-menton\/"},"modified":"2025-08-26T07:45:40","modified_gmt":"2025-08-26T06:45:40","slug":"botox-en-el-menton","status":"publish","type":"product","link":"https:\/\/dr-ima.com\/es\/procedure\/botox-en-el-menton\/","title":{"rendered":"B\u00f3tox en el ment\u00f3n"},"content":{"rendered":"<p>B\u00f3tox para remodelar y perfilar el ment\u00f3n<\/p>\n","protected":false},"excerpt":{"rendered":"<p>B\u00f3tox para remodelar y perfilar el ment\u00f3n<\/p>\n","protected":false},"featured_media":441,"template":"","meta":{"_joinchat":[]},"product_brand":[],"product_cat":[38],"product_tag":[],"class_list":{"0":"post-366","1":"product","2":"type-product","3":"status-publish","4":"has-post-thumbnail","6":"product_cat-botox","8":"first","9":"instock","10":"shipping-taxable","11":"purchasable","12":"product-type-simple"},"_links":{"self":[{"href":"https:\/\/dr-ima.com\/es\/wp-json\/wp\/v2\/product\/366","targetHints":{"allow":["GET"]}}],"collection":[{"href":"https:\/\/dr-ima.com\/es\/wp-json\/wp\/v2\/product"}],"about":[{"href":"https:\/\/dr-ima.com\/es\/wp-json\/wp\/v2\/types\/product"}],"wp:featuredmedia":[{"embeddable":true,"href":"https:\/\/dr-ima.com\/es\/wp-json\/wp\/v2\/media\/441"}],"wp:attachment":[{"href":"https:\/\/dr-ima.com\/es\/wp-json\/wp\/v2\/media?parent=366"}],"wp:term":[{"taxonomy":"product_brand","embeddable":true,"href":"https:\/\/dr-ima.com\/es\/wp-json\/wp\/v2\/product_brand?post=366"},{"taxonomy":"product_cat","embeddable":true,"href":"https:\/\/dr-ima.com\/es\/wp-json\/wp\/v2\/product_cat?post=366"},{"taxonomy":"product_tag","embeddable":true,"href":"https:\/\/dr-ima.com\/es\/wp-json\/wp\/v2\/product_tag?post=366"}],"curies":[{"name":"wp","href":"https:\/\/api.w.org\/{rel}","templated":true}]}}