{"id":345,"date":"2025-08-25T13:17:29","date_gmt":"2025-08-25T12:17:29","guid":{"rendered":"https:\/\/dr.izabelasaftei.com\/product\/metodo-de-los-autores-para-afinar-la-nariz\/"},"modified":"2025-08-26T07:45:39","modified_gmt":"2025-08-26T06:45:39","slug":"metodo-de-los-autores-para-afinar-la-nariz","status":"publish","type":"product","link":"https:\/\/dr-ima.com\/es\/procedure\/metodo-de-los-autores-para-afinar-la-nariz\/","title":{"rendered":"M\u00e9todo de los autores para afinar la nariz"},"content":{"rendered":"<p>T\u00e9cnica especial para afinar la nariz con b\u00f3tox<\/p>\n","protected":false},"excerpt":{"rendered":"<p>T\u00e9cnica especial para afinar la nariz con b\u00f3tox<\/p>\n","protected":false},"featured_media":441,"template":"","meta":{"_joinchat":[]},"product_brand":[],"product_cat":[38],"product_tag":[],"class_list":{"0":"post-345","1":"product","2":"type-product","3":"status-publish","4":"has-post-thumbnail","6":"product_cat-botox","8":"first","9":"instock","10":"shipping-taxable","11":"purchasable","12":"product-type-simple"},"_links":{"self":[{"href":"https:\/\/dr-ima.com\/es\/wp-json\/wp\/v2\/product\/345","targetHints":{"allow":["GET"]}}],"collection":[{"href":"https:\/\/dr-ima.com\/es\/wp-json\/wp\/v2\/product"}],"about":[{"href":"https:\/\/dr-ima.com\/es\/wp-json\/wp\/v2\/types\/product"}],"wp:featuredmedia":[{"embeddable":true,"href":"https:\/\/dr-ima.com\/es\/wp-json\/wp\/v2\/media\/441"}],"wp:attachment":[{"href":"https:\/\/dr-ima.com\/es\/wp-json\/wp\/v2\/media?parent=345"}],"wp:term":[{"taxonomy":"product_brand","embeddable":true,"href":"https:\/\/dr-ima.com\/es\/wp-json\/wp\/v2\/product_brand?post=345"},{"taxonomy":"product_cat","embeddable":true,"href":"https:\/\/dr-ima.com\/es\/wp-json\/wp\/v2\/product_cat?post=345"},{"taxonomy":"product_tag","embeddable":true,"href":"https:\/\/dr-ima.com\/es\/wp-json\/wp\/v2\/product_tag?post=345"}],"curies":[{"name":"wp","href":"https:\/\/api.w.org\/{rel}","templated":true}]}}