{"id":334,"date":"2025-08-25T13:17:08","date_gmt":"2025-08-25T12:17:08","guid":{"rendered":"https:\/\/dr.izabelasaftei.com\/product\/pomulos-1-ml\/"},"modified":"2025-08-26T07:44:37","modified_gmt":"2025-08-26T06:44:37","slug":"pomulos-1-ml","status":"publish","type":"product","link":"https:\/\/dr-ima.com\/es\/procedure\/pomulos-1-ml\/","title":{"rendered":"P\u00f3mulos 1 ml"},"content":{"rendered":"<p>Relleno de p\u00f3mulos para a\u00f1adir volumen y contorno<\/p>\n","protected":false},"excerpt":{"rendered":"<p>Relleno de p\u00f3mulos para a\u00f1adir volumen y contorno<\/p>\n","protected":false},"featured_media":441,"template":"","meta":{"_joinchat":[]},"product_brand":[],"product_cat":[34],"product_tag":[],"class_list":{"0":"post-334","1":"product","2":"type-product","3":"status-publish","4":"has-post-thumbnail","6":"product_cat-relleno","8":"first","9":"instock","10":"shipping-taxable","11":"purchasable","12":"product-type-simple"},"_links":{"self":[{"href":"https:\/\/dr-ima.com\/es\/wp-json\/wp\/v2\/product\/334","targetHints":{"allow":["GET"]}}],"collection":[{"href":"https:\/\/dr-ima.com\/es\/wp-json\/wp\/v2\/product"}],"about":[{"href":"https:\/\/dr-ima.com\/es\/wp-json\/wp\/v2\/types\/product"}],"wp:featuredmedia":[{"embeddable":true,"href":"https:\/\/dr-ima.com\/es\/wp-json\/wp\/v2\/media\/441"}],"wp:attachment":[{"href":"https:\/\/dr-ima.com\/es\/wp-json\/wp\/v2\/media?parent=334"}],"wp:term":[{"taxonomy":"product_brand","embeddable":true,"href":"https:\/\/dr-ima.com\/es\/wp-json\/wp\/v2\/product_brand?post=334"},{"taxonomy":"product_cat","embeddable":true,"href":"https:\/\/dr-ima.com\/es\/wp-json\/wp\/v2\/product_cat?post=334"},{"taxonomy":"product_tag","embeddable":true,"href":"https:\/\/dr-ima.com\/es\/wp-json\/wp\/v2\/product_tag?post=334"}],"curies":[{"name":"wp","href":"https:\/\/api.w.org\/{rel}","templated":true}]}}