{"id":328,"date":"2025-08-25T13:17:07","date_gmt":"2025-08-25T12:17:07","guid":{"rendered":"https:\/\/dr.izabelasaftei.com\/product\/lineas-de-expresion\/"},"modified":"2025-08-26T07:44:15","modified_gmt":"2025-08-26T06:44:15","slug":"lineas-de-expresion","status":"publish","type":"product","link":"https:\/\/dr-ima.com\/es\/procedure\/lineas-de-expresion\/","title":{"rendered":"L\u00edneas de expresi\u00f3n"},"content":{"rendered":"<p>Relleno para surcos nasogenianos y l\u00edneas de expresi\u00f3n<\/p>\n","protected":false},"excerpt":{"rendered":"<p>Relleno para surcos nasogenianos y l\u00edneas de expresi\u00f3n<\/p>\n","protected":false},"featured_media":441,"template":"","meta":{"_joinchat":[]},"product_brand":[],"product_cat":[34],"product_tag":[],"class_list":{"0":"post-328","1":"product","2":"type-product","3":"status-publish","4":"has-post-thumbnail","6":"product_cat-relleno","8":"first","9":"instock","10":"shipping-taxable","11":"purchasable","12":"product-type-simple"},"_links":{"self":[{"href":"https:\/\/dr-ima.com\/es\/wp-json\/wp\/v2\/product\/328","targetHints":{"allow":["GET"]}}],"collection":[{"href":"https:\/\/dr-ima.com\/es\/wp-json\/wp\/v2\/product"}],"about":[{"href":"https:\/\/dr-ima.com\/es\/wp-json\/wp\/v2\/types\/product"}],"wp:featuredmedia":[{"embeddable":true,"href":"https:\/\/dr-ima.com\/es\/wp-json\/wp\/v2\/media\/441"}],"wp:attachment":[{"href":"https:\/\/dr-ima.com\/es\/wp-json\/wp\/v2\/media?parent=328"}],"wp:term":[{"taxonomy":"product_brand","embeddable":true,"href":"https:\/\/dr-ima.com\/es\/wp-json\/wp\/v2\/product_brand?post=328"},{"taxonomy":"product_cat","embeddable":true,"href":"https:\/\/dr-ima.com\/es\/wp-json\/wp\/v2\/product_cat?post=328"},{"taxonomy":"product_tag","embeddable":true,"href":"https:\/\/dr-ima.com\/es\/wp-json\/wp\/v2\/product_tag?post=328"}],"curies":[{"name":"wp","href":"https:\/\/api.w.org\/{rel}","templated":true}]}}