{"id":176,"date":"2025-08-23T10:00:02","date_gmt":"2025-08-23T09:00:02","guid":{"rendered":"https:\/\/dr.izabelasaftei.com\/politica-de-cookies\/"},"modified":"2025-09-02T12:21:16","modified_gmt":"2025-09-02T11:21:16","slug":"politica-de-cookies","status":"publish","type":"page","link":"https:\/\/dr-ima.com\/es\/politica-de-cookies\/","title":{"rendered":"Pol\u00edtica de cookies"},"content":{"rendered":"[vc_row type=\u00bbin_container\u00bb full_screen_row_position=\u00bbmiddle\u00bb column_margin=\u00bbdefault\u00bb column_direction=\u00bbdefault\u00bb column_direction_tablet=\u00bbdefault\u00bb column_direction_phone=\u00bbdefault\u00bb scene_position=\u00bbcenter\u00bb text_color=\u00bbdark\u00bb text_align=\u00bbleft\u00bb row_border_radius=\u00bbnone\u00bb row_border_radius_applies=\u00bbbg\u00bb overflow=\u00bbvisible\u00bb overlay_strength=\u00bb0.3&#8243; gradient_direction=\u00bbleft_to_right\u00bb shape_divider_position=\u00bbbottom\u00bb bg_image_animation=\u00bbnone\u00bb][vc_column column_padding=\u00bbno-extra-padding\u00bb column_padding_tablet=\u00bbinherit\u00bb column_padding_phone=\u00bbinherit\u00bb column_padding_position=\u00bball\u00bb column_element_direction_desktop=\u00bbdefault\u00bb column_element_spacing=\u00bbdefault\u00bb desktop_text_alignment=\u00bbdefault\u00bb tablet_text_alignment=\u00bbdefault\u00bb phone_text_alignment=\u00bbdefault\u00bb background_color_opacity=\u00bb1&#8243; background_hover_color_opacity=\u00bb1&#8243; column_backdrop_filter=\u00bbnone\u00bb column_shadow=\u00bbnone\u00bb column_border_radius=\u00bbnone\u00bb column_link_target=\u00bb_self\u00bb column_position=\u00bbdefault\u00bb gradient_direction=\u00bbleft_to_right\u00bb overlay_strength=\u00bb0.3&#8243; width=\u00bb1\/1&#8243; tablet_width_inherit=\u00bbdefault\u00bb animation_type=\u00bbdefault\u00bb bg_image_animation=\u00bbnone\u00bb border_type=\u00bbsimple\u00bb column_border_width=\u00bbnone\u00bb column_border_style=\u00bbsolid\u00bb][vc_column_text css=\u00bb\u00bb text_direction=\u00bbdefault\u00bb]\n<h1>Pol\u00edtica de cookies<\/h1>\n<p><em>\u00daltima actualizaci\u00f3n: 01\/01\/2025<\/em><\/p>\n<p>Esta Pol\u00edtica de Cookies explica c\u00f3mo <b>la Dra. Izabela Saftei<\/b> utiliza cookies y tecnolog\u00edas similares en <strong>dr-ima.com<\/strong>. Para obtener informaci\u00f3n sobre c\u00f3mo procesamos los datos personales, consulte nuestra <a href=\"https:\/\/dr-ima.com\/es\/politica-de-privacidad\/\">Pol\u00edtica de Privacidad<\/a>. <\/p>\n<h2>1. \u00bfQu\u00e9 son las cookies?<\/h2>\n<p>Las cookies son peque\u00f1os archivos de texto que se colocan en su dispositivo para recordar la configuraci\u00f3n, rastrear el uso y mejorar su experiencia. Algunas son esenciales para que el sitio funcione; otras se utilizan para an\u00e1lisis o marketing (solo con su consentimiento). <\/p>\n<h2>2. Tipos de cookies que utilizamos<\/h2>\n<ul>\n<li><strong>Estrictamente necesarias<\/strong> (esenciales para el inicio de sesi\u00f3n, la seguridad, las reservas y el pago).<\/li>\n<li><strong>Funcionales<\/strong> (recuerdan preferencias como el idioma o la regi\u00f3n).<\/li>\n<li><strong>Anal\u00edticas<\/strong> (p. ej., Google Analytics) para comprender el uso del sitio y mejorar el rendimiento.<\/li>\n<li><strong>De marketing<\/strong> (p. ej., Meta\/Facebook Pixel) para medir campa\u00f1as y ofrecer anuncios relevantes.<\/li>\n<li><strong>Sociales<\/strong> (p. ej., incrustaciones de Instagram\/Facebook) para mostrar contenido social y permitir el uso compartido.<\/li>\n<\/ul>\n<h2>3. Cookies que puede encontrar<\/h2>\n<table border=\"1\" cellspacing=\"0\" cellpadding=\"8\">\n<thead>\n<tr>\n<th>Cookie<\/th>\n<th>prop\u00f3sito<\/th>\n<th>proveedor<\/th>\n<th>duraci\u00f3n<\/th>\n<\/tr>\n<\/thead>\n<tbody>\n<tr>\n<td>wp_* \/ wordpress_* \/ wp-settings*<\/td>\n<td>Funcionalidad principal de WordPress, inicio de sesi\u00f3n\/sesi\u00f3n<\/td>\n<td>Propia<\/td>\n<td>Sesi\u00f3n\u20131 a\u00f1o<\/td>\n<\/tr>\n<tr>\n<td>woocommerce_*<\/td>\n<td>Funcionalidad de carrito y pago<\/td>\n<td>Propia<\/td>\n<td>Sesi\u00f3n\u20132 d\u00edas<\/td>\n<\/tr>\n<tr>\n<td>amelia_*<\/td>\n<td>Preferencias de reserva\/sesi\u00f3n<\/td>\n<td>Propia<\/td>\n<td>Sesi\u00f3n<\/td>\n<\/tr>\n<tr>\n<td>_ga, _gid, _gat*<\/td>\n<td>Google Analytics (estad\u00edsticas de uso)<\/td>\n<td>Google<\/td>\n<td>Sesi\u00f3n\u20132 a\u00f1os<\/td>\n<\/tr>\n<tr>\n<td>_fbp<\/td>\n<td>Rendimiento de marketing de Facebook\/Meta<\/td>\n<td>Meta<\/td>\n<td>3 meses<\/td>\n<\/tr>\n<tr>\n<td>ig_* \/ fb_*<\/td>\n<td>Contenido incrustado de Instagram\/Facebook<\/td>\n<td>Meta<\/td>\n<td>Sesi\u00f3n\u20131 a\u00f1o<\/td>\n<\/tr>\n<\/tbody>\n<\/table>\n<p><small>Nota: Las cookies exactas pueden variar seg\u00fan los plugins y la configuraci\u00f3n que utilice.<\/small><\/p>\n<h2>4. Sus opciones<\/h2>\n<ul>\n<li><strong>Banner de consentimiento:<\/strong> En su primera visita, puede aceptar o rechazar las cookies no esenciales. Puede cambiar su elecci\u00f3n en cualquier momento a trav\u00e9s del enlace \u00abConfiguraci\u00f3n de cookies\u00bb en el pie de p\u00e1gina. <\/li>\n<li><strong>Controles del navegador:<\/strong> Puede bloquear o eliminar las cookies en la configuraci\u00f3n de su navegador. Bloquear las cookies esenciales puede afectar la funcionalidad del sitio. <\/li>\n<li><strong>Exclusi\u00f3n voluntaria de Analytics:<\/strong> Si se utiliza, puede instalar el complemento de exclusi\u00f3n voluntaria para navegadores de Google.<\/li>\n<\/ul>\n<h2>5. Cookies de terceros<\/h2>\n<p>Algunas cookies son establecidas por terceros (p. ej., Google, Meta). No controlamos estas cookies. Revise las pol\u00edticas propias de los proveedores para obtener m\u00e1s detalles.  <\/p>\n<h2>6. Cambios<\/h2>\n<p>Es posible que actualicemos esta Pol\u00edtica de Cookies para reflejar los cambios en la tecnolog\u00eda o la ley. Consulte peri\u00f3dicamente para ver las actualizaciones. <\/p>\n<h2>7. Contacto<\/h2>\n<p>\u00bfTiene preguntas sobre las cookies? Env\u00ede un correo electr\u00f3nico a <a href=\"mailto:dr.asafteizabela@gmail.com\">dr.asafteizabela@gmail.com<\/a>.[\/vc_column_text][\/vc_column][\/vc_row]\n","protected":false},"excerpt":{"rendered":"<p>[vc_row type=\u00bbin_container\u00bb full_screen_row_position=\u00bbmiddle\u00bb column_margin=\u00bbdefault\u00bb column_direction=\u00bbdefault\u00bb column_direction_tablet=\u00bbdefault\u00bb column_direction_phone=\u00bbdefault\u00bb scene_position=\u00bbcenter\u00bb text_color=\u00bbdark\u00bb text_align=\u00bbleft\u00bb row_border_radius=\u00bbnone\u00bb row_border_radius_applies=\u00bbbg\u00bb overflow=\u00bbvisible\u00bb overlay_strength=\u00bb0.3&#8243; gradient_direction=\u00bbleft_to_right\u00bb shape_divider_position=\u00bbbottom\u00bb bg_image_animation=\u00bbnone\u00bb][vc_column column_padding=\u00bbno-extra-padding\u00bb column_padding_tablet=\u00bbinherit\u00bb column_padding_phone=\u00bbinherit\u00bb column_padding_position=\u00bball\u00bb column_element_direction_desktop=\u00bbdefault\u00bb column_element_spacing=\u00bbdefault\u00bb desktop_text_alignment=\u00bbdefault\u00bb tablet_text_alignment=\u00bbdefault\u00bb phone_text_alignment=\u00bbdefault\u00bb background_color_opacity=\u00bb1&#8243; background_hover_color_opacity=\u00bb1&#8243; column_backdrop_filter=\u00bbnone\u00bb column_shadow=\u00bbnone\u00bb&#8230;<\/p>\n","protected":false},"author":1,"featured_media":0,"parent":0,"menu_order":0,"comment_status":"closed","ping_status":"closed","template":"","meta":{"_joinchat":[],"footnotes":""},"class_list":["post-176","page","type-page","status-publish"],"_links":{"self":[{"href":"https:\/\/dr-ima.com\/es\/wp-json\/wp\/v2\/pages\/176","targetHints":{"allow":["GET"]}}],"collection":[{"href":"https:\/\/dr-ima.com\/es\/wp-json\/wp\/v2\/pages"}],"about":[{"href":"https:\/\/dr-ima.com\/es\/wp-json\/wp\/v2\/types\/page"}],"author":[{"embeddable":true,"href":"https:\/\/dr-ima.com\/es\/wp-json\/wp\/v2\/users\/1"}],"replies":[{"embeddable":true,"href":"https:\/\/dr-ima.com\/es\/wp-json\/wp\/v2\/comments?post=176"}],"version-history":[{"count":5,"href":"https:\/\/dr-ima.com\/es\/wp-json\/wp\/v2\/pages\/176\/revisions"}],"predecessor-version":[{"id":636,"href":"https:\/\/dr-ima.com\/es\/wp-json\/wp\/v2\/pages\/176\/revisions\/636"}],"wp:attachment":[{"href":"https:\/\/dr-ima.com\/es\/wp-json\/wp\/v2\/media?parent=176"}],"curies":[{"name":"wp","href":"https:\/\/api.w.org\/{rel}","templated":true}]}}